{"id":9,"date":"2020-04-02T22:19:18","date_gmt":"2020-04-02T20:19:18","guid":{"rendered":"http:\/\/vidaillet-paysagiste.com\/?page_id=9"},"modified":"2026-02-27T11:23:21","modified_gmt":"2026-02-27T10:23:21","slug":"a-propos-de","status":"publish","type":"page","link":"https:\/\/vidaillet-paysagiste.com\/index.php\/a-propos-de\/","title":{"rendered":"\u00c0 propos de"},"content":{"rendered":"\n<p>L&rsquo;entreprise Vidaillet b\u00e9n\u00e9ficie d&rsquo;un savoir-faire d&rsquo;une vingtaine d&rsquo;ann\u00e9es dans le domaine du paysage et en permanence \u00e0 la recherche de perfectionnement.<br>Elle est situ\u00e9e \u00e0 Palavesa, \u00e0 5 minutes de Porto Vecchio.<br>Cet emplacement g\u00e9ographique nous permet d&rsquo;avoir un rayon d&rsquo;action allant de Solenzara \u00e0 Bonifacio\/Cavallo et jusqu&rsquo;\u00e0 Pianottoli.<\/p>\n\n\n\n<p>Voir zone d&rsquo;intervention: <br><a href=\"https:\/\/vidaillet-paysagiste.com\/wp-content\/uploads\/2026\/02\/rayon-daction.jpg\">https:\/\/vidaillet-paysagiste.com\/wp-content\/uploads\/2026\/02\/rayon-daction.jpg<\/a><\/p>\n\n\n\n<p>\u00a0L&rsquo;\u00e9quipe est compos\u00e9e de quatre personnes \u00e0 plein temps ainsi que de nombreux sous-traitants\u00a0 pr\u00eats \u00e0 intervenir en cas de forte demande ou pour des t\u00e2ches particuli\u00e8res n\u00e9cessitant des comp\u00e9tences et des outils bien sp\u00e9cifiques (ex: \u00e9lagages, travaux de terrassements, ma\u00e7onnerie, menuiserie&#8230;)<\/p>\n\n\n\n<p>Notre personnel est compos\u00e9 de personnes qualifi\u00e9es, dynamiques et d\u00e9tenteurs de dipl\u00f4mes comme bac pro ou BTS.<\/p>\n\n\n\n<p>Nous disposons de tout le mat\u00e9riel n\u00e9cessaire \u00e0 une ex\u00e9cution rapide et efficace pour toute sorte de travaux de jardin.<\/p>\n\n\n\n<p>Nous avons \u00e9galement un bureau d&rsquo;\u00e9tudes et un dessinateur paysagiste au sein de notre \u00e9quipe afin d&rsquo;\u00e9tudier et mettre en images tous les projets d&rsquo;am\u00e9nagements qui nous sont confi\u00e9s depuis plus de dix ans.<\/p>\n","protected":false},"excerpt":{"rendered":"<p>L&rsquo;entreprise Vidaillet b\u00e9n\u00e9ficie d&rsquo;un savoir-faire d&rsquo;une vingtaine d&rsquo;ann\u00e9es dans le domaine du paysage et en permanence \u00e0 la recherche de perfectionnement.Elle est situ\u00e9e \u00e0 Palavesa, \u00e0 5 minutes de Porto Vecchio.Cet emplacement g\u00e9ographique nous permet d&rsquo;avoir un rayon d&rsquo;action allant de Solenzara \u00e0 Bonifacio\/Cavallo et jusqu&rsquo;\u00e0 Pianottoli. Voir zone d&rsquo;intervention: https:\/\/vidaillet-paysagiste.com\/wp-content\/uploads\/2026\/02\/rayon-daction.jpg \u00a0L&rsquo;\u00e9quipe est compos\u00e9e de &hellip; <\/p>\n<p class=\"link-more\"><a href=\"https:\/\/vidaillet-paysagiste.com\/index.php\/a-propos-de\/\" class=\"more-link\">Continuer la lecture<span class=\"screen-reader-text\"> de &laquo;&nbsp;\u00c0 propos de&nbsp;&raquo;<\/span><\/a><\/p>\n","protected":false},"author":1,"featured_media":223,"parent":0,"menu_order":0,"comment_status":"closed","ping_status":"closed","template":"","meta":{"footnotes":""},"class_list":["post-9","page","type-page","status-publish","has-post-thumbnail","hentry"],"_links":{"self":[{"href":"https:\/\/vidaillet-paysagiste.com\/index.php\/wp-json\/wp\/v2\/pages\/9","targetHints":{"allow":["GET"]}}],"collection":[{"href":"https:\/\/vidaillet-paysagiste.com\/index.php\/wp-json\/wp\/v2\/pages"}],"about":[{"href":"https:\/\/vidaillet-paysagiste.com\/index.php\/wp-json\/wp\/v2\/types\/page"}],"author":[{"embeddable":true,"href":"https:\/\/vidaillet-paysagiste.com\/index.php\/wp-json\/wp\/v2\/users\/1"}],"replies":[{"embeddable":true,"href":"https:\/\/vidaillet-paysagiste.com\/index.php\/wp-json\/wp\/v2\/comments?post=9"}],"version-history":[{"count":12,"href":"https:\/\/vidaillet-paysagiste.com\/index.php\/wp-json\/wp\/v2\/pages\/9\/revisions"}],"predecessor-version":[{"id":538,"href":"https:\/\/vidaillet-paysagiste.com\/index.php\/wp-json\/wp\/v2\/pages\/9\/revisions\/538"}],"wp:featuredmedia":[{"embeddable":true,"href":"https:\/\/vidaillet-paysagiste.com\/index.php\/wp-json\/wp\/v2\/media\/223"}],"wp:attachment":[{"href":"https:\/\/vidaillet-paysagiste.com\/index.php\/wp-json\/wp\/v2\/media?parent=9"}],"curies":[{"name":"wp","href":"https:\/\/api.w.org\/{rel}","templated":true}]}}