{"id":278,"date":"2026-02-25T12:13:31","date_gmt":"2026-02-25T11:13:31","guid":{"rendered":"https:\/\/vidaillet-paysagiste.com\/?page_id=278"},"modified":"2026-02-26T15:26:44","modified_gmt":"2026-02-26T14:26:44","slug":"travaux-delagage","status":"publish","type":"page","link":"https:\/\/vidaillet-paysagiste.com\/index.php\/nos-realisations-2\/travaux-delagage\/","title":{"rendered":"Travaux d&rsquo;\u00e9lagage"},"content":{"rendered":"\n<p>Pour les travaux d&rsquo;\u00e9lagage complexes, nous travaillons avec une entreprise sp\u00e9cialis\u00e9e depuis de nombreuses ann\u00e9es. <br><br>Toutes sortes de travaux arboricole en hauteur peuvent \u00eatre r\u00e9alis\u00e9s, qu&rsquo;ils soient: <br><br>&#8211; Suppression de branches avec r\u00e9tention au dessus des b\u00e2timents<br>&#8211; Tailles des parties hautes afin de retrouver la vue mer<br>&#8211; Tailles sanitaires <br>&#8211; D\u00e9montages d&rsquo;arbres<br>&#8211; Tailles et traitements de palmiers<br>&#8211; Reformation de cypr\u00e8s hauts<\/p>\n\n\n\n<p><\/p>\n","protected":false},"excerpt":{"rendered":"<p>Pour les travaux d&rsquo;\u00e9lagage complexes, nous travaillons avec une entreprise sp\u00e9cialis\u00e9e depuis de nombreuses ann\u00e9es. Toutes sortes de travaux arboricole en hauteur peuvent \u00eatre r\u00e9alis\u00e9s, qu&rsquo;ils soient: &#8211; Suppression de branches avec r\u00e9tention au dessus des b\u00e2timents&#8211; Tailles des parties hautes afin de retrouver la vue mer&#8211; Tailles sanitaires &#8211; D\u00e9montages d&rsquo;arbres&#8211; Tailles et traitements &hellip; <\/p>\n<p class=\"link-more\"><a href=\"https:\/\/vidaillet-paysagiste.com\/index.php\/nos-realisations-2\/travaux-delagage\/\" class=\"more-link\">Continuer la lecture<span class=\"screen-reader-text\"> de &laquo;&nbsp;Travaux d&rsquo;\u00e9lagage&nbsp;&raquo;<\/span><\/a><\/p>\n","protected":false},"author":1,"featured_media":0,"parent":114,"menu_order":0,"comment_status":"closed","ping_status":"closed","template":"","meta":{"footnotes":""},"class_list":["post-278","page","type-page","status-publish","hentry"],"_links":{"self":[{"href":"https:\/\/vidaillet-paysagiste.com\/index.php\/wp-json\/wp\/v2\/pages\/278","targetHints":{"allow":["GET"]}}],"collection":[{"href":"https:\/\/vidaillet-paysagiste.com\/index.php\/wp-json\/wp\/v2\/pages"}],"about":[{"href":"https:\/\/vidaillet-paysagiste.com\/index.php\/wp-json\/wp\/v2\/types\/page"}],"author":[{"embeddable":true,"href":"https:\/\/vidaillet-paysagiste.com\/index.php\/wp-json\/wp\/v2\/users\/1"}],"replies":[{"embeddable":true,"href":"https:\/\/vidaillet-paysagiste.com\/index.php\/wp-json\/wp\/v2\/comments?post=278"}],"version-history":[{"count":3,"href":"https:\/\/vidaillet-paysagiste.com\/index.php\/wp-json\/wp\/v2\/pages\/278\/revisions"}],"predecessor-version":[{"id":527,"href":"https:\/\/vidaillet-paysagiste.com\/index.php\/wp-json\/wp\/v2\/pages\/278\/revisions\/527"}],"up":[{"embeddable":true,"href":"https:\/\/vidaillet-paysagiste.com\/index.php\/wp-json\/wp\/v2\/pages\/114"}],"wp:attachment":[{"href":"https:\/\/vidaillet-paysagiste.com\/index.php\/wp-json\/wp\/v2\/media?parent=278"}],"curies":[{"name":"wp","href":"https:\/\/api.w.org\/{rel}","templated":true}]}}