{"id":269,"date":"2026-02-25T12:10:33","date_gmt":"2026-02-25T11:10:33","guid":{"rendered":"https:\/\/vidaillet-paysagiste.com\/?page_id=269"},"modified":"2026-02-26T15:10:44","modified_gmt":"2026-02-26T14:10:44","slug":"demaquisage-mecanise","status":"publish","type":"page","link":"https:\/\/vidaillet-paysagiste.com\/index.php\/nos-realisations-2\/demaquisage-mecanise\/","title":{"rendered":"D\u00e9maquisage m\u00e9canis\u00e9"},"content":{"rendered":"\n<figure class=\"wp-block-image size-large\"><img loading=\"lazy\" decoding=\"async\" width=\"1024\" height=\"768\" src=\"https:\/\/vidaillet-paysagiste.com\/wp-content\/uploads\/2026\/02\/image6-1024x768.jpeg\" alt=\"\" class=\"wp-image-519\" srcset=\"https:\/\/vidaillet-paysagiste.com\/wp-content\/uploads\/2026\/02\/image6-1024x768.jpeg 1024w, https:\/\/vidaillet-paysagiste.com\/wp-content\/uploads\/2026\/02\/image6-300x225.jpeg 300w, https:\/\/vidaillet-paysagiste.com\/wp-content\/uploads\/2026\/02\/image6-768x576.jpeg 768w, https:\/\/vidaillet-paysagiste.com\/wp-content\/uploads\/2026\/02\/image6-1536x1152.jpeg 1536w, https:\/\/vidaillet-paysagiste.com\/wp-content\/uploads\/2026\/02\/image6-rotated.jpeg 2016w\" sizes=\"auto, (max-width: 767px) 89vw, (max-width: 1000px) 54vw, (max-width: 1071px) 543px, 580px\" \/><\/figure>\n\n\n\n<p>DESCRIPTION<\/p>\n\n\n\n<p>D\u00e9maquisage ex\u00e9cut\u00e9 avec un bobcat \u00e9quip\u00e9 d\u2019un broyeur forestier FAE et une pelle m\u00e9canique \u00e9quip\u00e9e d\u2019un broyeur FAE.&nbsp;<\/p>\n\n\n\n<p>FAE (Field Application Engineering): Les broyeurs FAE sont tr\u00e8s utilis\u00e9s dans les pratiques terrestres en raison de leurs excellentes performances et de leur efficacit\u00e9 garantie. G\u00e9n\u00e9ralement, ces broyeurs sont utilis\u00e9s pour le d\u00e9frichage et l&rsquo;entretien des zones vertes, agricoles et foresti\u00e8res, pour la d\u00e9forestation et \u00e0 d&rsquo;autres fins r\u00e9cr\u00e9atives.<\/p>\n\n\n\n<p>CARACT\u00c9RISTIQUES TECHNIQUES DES MACHINES UTILIS\u00c9ES<\/p>\n\n\n\n<p>&#8211; pelle jcb 8055 ( puissance 34,1 kw, d\u00e9bit hydraulique&nbsp; 90 L\/ minute) coupl\u00e9 avec un broyeur forestier FAE pml vitesse de rotation 2000 tours minutes et diam\u00e8tre de broyage de 8 cm.<\/p>\n\n\n\n<p>&#8211; bobcat T 300 High flow ( puissance 75 ch turbo, haut d\u00e9bit hydraulique 115 L\/ minute coupl\u00e9 avec un broyeur FAE&nbsp; 175 UML\/SSL \u00e0 transmission variable ( 2 moteurs hydrauliques: 1 moteur hydraulique 120 L\/ Minute et un moteur hydraulique 60 L\/ minute, ce qui permet&nbsp; au broyeur d\u2019utiliser un seul&nbsp; moteur en fonction de la densit\u00e9 du maquis ou de coupler les 2 moteurs hydrauliques ensembles.<\/p>\n\n\n\n<p>Diam\u00e8tre max de broyage 13cm de diam\u00e8tre et une vitesse de rotation de 2400 tours\/minutes<\/p>\n\n\n\n<figure class=\"wp-block-image size-large\"><img loading=\"lazy\" decoding=\"async\" width=\"1024\" height=\"768\" src=\"https:\/\/vidaillet-paysagiste.com\/wp-content\/uploads\/2026\/02\/image4-1024x768.jpeg\" alt=\"\" class=\"wp-image-520\" srcset=\"https:\/\/vidaillet-paysagiste.com\/wp-content\/uploads\/2026\/02\/image4-1024x768.jpeg 1024w, https:\/\/vidaillet-paysagiste.com\/wp-content\/uploads\/2026\/02\/image4-300x225.jpeg 300w, https:\/\/vidaillet-paysagiste.com\/wp-content\/uploads\/2026\/02\/image4-768x576.jpeg 768w, https:\/\/vidaillet-paysagiste.com\/wp-content\/uploads\/2026\/02\/image4-1536x1152.jpeg 1536w, https:\/\/vidaillet-paysagiste.com\/wp-content\/uploads\/2026\/02\/image4-rotated.jpeg 2016w\" sizes=\"auto, (max-width: 767px) 89vw, (max-width: 1000px) 54vw, (max-width: 1071px) 543px, 580px\" \/><figcaption class=\"wp-element-caption\">Bobcat T300 avec broyeur<\/figcaption><\/figure>\n\n\n\n<figure class=\"wp-block-image size-large\"><img loading=\"lazy\" decoding=\"async\" width=\"1024\" height=\"768\" src=\"https:\/\/vidaillet-paysagiste.com\/wp-content\/uploads\/2026\/02\/image3-1024x768.jpeg\" alt=\"\" class=\"wp-image-521\" srcset=\"https:\/\/vidaillet-paysagiste.com\/wp-content\/uploads\/2026\/02\/image3-1024x768.jpeg 1024w, https:\/\/vidaillet-paysagiste.com\/wp-content\/uploads\/2026\/02\/image3-300x225.jpeg 300w, https:\/\/vidaillet-paysagiste.com\/wp-content\/uploads\/2026\/02\/image3-768x576.jpeg 768w, https:\/\/vidaillet-paysagiste.com\/wp-content\/uploads\/2026\/02\/image3-1536x1152.jpeg 1536w, https:\/\/vidaillet-paysagiste.com\/wp-content\/uploads\/2026\/02\/image3-rotated.jpeg 2016w\" sizes=\"auto, (max-width: 767px) 89vw, (max-width: 1000px) 54vw, (max-width: 1071px) 543px, 580px\" \/><figcaption class=\"wp-element-caption\">Pelle JCB 8055 avec broyeur<\/figcaption><\/figure>\n\n\n\n<div class=\"wp-block-columns is-layout-flex wp-container-core-columns-is-layout-9d6595d7 wp-block-columns-is-layout-flex\">\n<div class=\"wp-block-column is-layout-flow wp-block-column-is-layout-flow\">\n<figure class=\"wp-block-image size-large\"><img loading=\"lazy\" decoding=\"async\" width=\"768\" height=\"1024\" src=\"https:\/\/vidaillet-paysagiste.com\/wp-content\/uploads\/2026\/02\/image1-768x1024.jpeg\" alt=\"\" class=\"wp-image-522\" srcset=\"https:\/\/vidaillet-paysagiste.com\/wp-content\/uploads\/2026\/02\/image1-768x1024.jpeg 768w, https:\/\/vidaillet-paysagiste.com\/wp-content\/uploads\/2026\/02\/image1-225x300.jpeg 225w, https:\/\/vidaillet-paysagiste.com\/wp-content\/uploads\/2026\/02\/image1-1152x1536.jpeg 1152w, https:\/\/vidaillet-paysagiste.com\/wp-content\/uploads\/2026\/02\/image1-rotated.jpeg 1512w\" sizes=\"auto, (max-width: 767px) 89vw, (max-width: 1000px) 54vw, (max-width: 1071px) 543px, 580px\" \/><\/figure>\n<\/div>\n\n\n\n<div class=\"wp-block-column is-layout-flow wp-block-column-is-layout-flow\">\n<figure class=\"wp-block-image size-large\"><img loading=\"lazy\" decoding=\"async\" width=\"768\" height=\"1024\" src=\"https:\/\/vidaillet-paysagiste.com\/wp-content\/uploads\/2026\/02\/image2-768x1024.jpeg\" alt=\"\" class=\"wp-image-523\" srcset=\"https:\/\/vidaillet-paysagiste.com\/wp-content\/uploads\/2026\/02\/image2-768x1024.jpeg 768w, https:\/\/vidaillet-paysagiste.com\/wp-content\/uploads\/2026\/02\/image2-225x300.jpeg 225w, https:\/\/vidaillet-paysagiste.com\/wp-content\/uploads\/2026\/02\/image2-1152x1536.jpeg 1152w, https:\/\/vidaillet-paysagiste.com\/wp-content\/uploads\/2026\/02\/image2-rotated.jpeg 1512w\" sizes=\"auto, (max-width: 767px) 89vw, (max-width: 1000px) 54vw, (max-width: 1071px) 543px, 580px\" \/><\/figure>\n<\/div>\n\n\n\n<div class=\"wp-block-column is-layout-flow wp-block-column-is-layout-flow\">\n<figure class=\"wp-block-image size-large\"><img loading=\"lazy\" decoding=\"async\" width=\"768\" height=\"1024\" src=\"https:\/\/vidaillet-paysagiste.com\/wp-content\/uploads\/2026\/02\/image5-768x1024.jpeg\" alt=\"\" class=\"wp-image-524\" srcset=\"https:\/\/vidaillet-paysagiste.com\/wp-content\/uploads\/2026\/02\/image5-768x1024.jpeg 768w, https:\/\/vidaillet-paysagiste.com\/wp-content\/uploads\/2026\/02\/image5-225x300.jpeg 225w, https:\/\/vidaillet-paysagiste.com\/wp-content\/uploads\/2026\/02\/image5-1152x1536.jpeg 1152w, https:\/\/vidaillet-paysagiste.com\/wp-content\/uploads\/2026\/02\/image5-rotated.jpeg 1512w\" sizes=\"auto, (max-width: 767px) 89vw, (max-width: 1000px) 54vw, (max-width: 1071px) 543px, 580px\" \/><\/figure>\n<\/div>\n<\/div>\n","protected":false},"excerpt":{"rendered":"<p>DESCRIPTION D\u00e9maquisage ex\u00e9cut\u00e9 avec un bobcat \u00e9quip\u00e9 d\u2019un broyeur forestier FAE et une pelle m\u00e9canique \u00e9quip\u00e9e d\u2019un broyeur FAE.&nbsp; FAE (Field Application Engineering): Les broyeurs FAE sont tr\u00e8s utilis\u00e9s dans les pratiques terrestres en raison de leurs excellentes performances et de leur efficacit\u00e9 garantie. G\u00e9n\u00e9ralement, ces broyeurs sont utilis\u00e9s pour le d\u00e9frichage et l&rsquo;entretien des &hellip; <\/p>\n<p class=\"link-more\"><a href=\"https:\/\/vidaillet-paysagiste.com\/index.php\/nos-realisations-2\/demaquisage-mecanise\/\" class=\"more-link\">Continuer la lecture<span class=\"screen-reader-text\"> de &laquo;&nbsp;D\u00e9maquisage m\u00e9canis\u00e9&nbsp;&raquo;<\/span><\/a><\/p>\n","protected":false},"author":1,"featured_media":0,"parent":114,"menu_order":0,"comment_status":"closed","ping_status":"closed","template":"","meta":{"footnotes":""},"class_list":["post-269","page","type-page","status-publish","hentry"],"_links":{"self":[{"href":"https:\/\/vidaillet-paysagiste.com\/index.php\/wp-json\/wp\/v2\/pages\/269","targetHints":{"allow":["GET"]}}],"collection":[{"href":"https:\/\/vidaillet-paysagiste.com\/index.php\/wp-json\/wp\/v2\/pages"}],"about":[{"href":"https:\/\/vidaillet-paysagiste.com\/index.php\/wp-json\/wp\/v2\/types\/page"}],"author":[{"embeddable":true,"href":"https:\/\/vidaillet-paysagiste.com\/index.php\/wp-json\/wp\/v2\/users\/1"}],"replies":[{"embeddable":true,"href":"https:\/\/vidaillet-paysagiste.com\/index.php\/wp-json\/wp\/v2\/comments?post=269"}],"version-history":[{"count":3,"href":"https:\/\/vidaillet-paysagiste.com\/index.php\/wp-json\/wp\/v2\/pages\/269\/revisions"}],"predecessor-version":[{"id":525,"href":"https:\/\/vidaillet-paysagiste.com\/index.php\/wp-json\/wp\/v2\/pages\/269\/revisions\/525"}],"up":[{"embeddable":true,"href":"https:\/\/vidaillet-paysagiste.com\/index.php\/wp-json\/wp\/v2\/pages\/114"}],"wp:attachment":[{"href":"https:\/\/vidaillet-paysagiste.com\/index.php\/wp-json\/wp\/v2\/media?parent=269"}],"curies":[{"name":"wp","href":"https:\/\/api.w.org\/{rel}","templated":true}]}}