{"id":267,"date":"2026-02-25T12:10:02","date_gmt":"2026-02-25T11:10:02","guid":{"rendered":"https:\/\/vidaillet-paysagiste.com\/?page_id=267"},"modified":"2026-02-26T15:04:38","modified_gmt":"2026-02-26T14:04:38","slug":"travaux-denrochement","status":"publish","type":"page","link":"https:\/\/vidaillet-paysagiste.com\/index.php\/nos-realisations-2\/travaux-denrochement\/","title":{"rendered":"Travaux d&rsquo;enrochement"},"content":{"rendered":"\n<figure class=\"wp-block-image size-large is-resized\"><img loading=\"lazy\" decoding=\"async\" width=\"577\" height=\"1024\" src=\"https:\/\/vidaillet-paysagiste.com\/wp-content\/uploads\/2026\/02\/20260127_110647-577x1024.jpg\" alt=\"\" class=\"wp-image-510\" style=\"width:674px;height:auto\" srcset=\"https:\/\/vidaillet-paysagiste.com\/wp-content\/uploads\/2026\/02\/20260127_110647-577x1024.jpg 577w, https:\/\/vidaillet-paysagiste.com\/wp-content\/uploads\/2026\/02\/20260127_110647-169x300.jpg 169w, https:\/\/vidaillet-paysagiste.com\/wp-content\/uploads\/2026\/02\/20260127_110647-768x1364.jpg 768w, https:\/\/vidaillet-paysagiste.com\/wp-content\/uploads\/2026\/02\/20260127_110647-865x1536.jpg 865w, https:\/\/vidaillet-paysagiste.com\/wp-content\/uploads\/2026\/02\/20260127_110647-1153x2048.jpg 1153w, https:\/\/vidaillet-paysagiste.com\/wp-content\/uploads\/2026\/02\/20260127_110647-scaled.jpg 1441w\" sizes=\"auto, (max-width: 577px) 100vw, 577px\" \/><\/figure>\n\n\n\n<p><br><strong>DESCRIPTION<\/strong><\/p>\n\n\n\n<p>Ils d\u00e9signent les travaux consistant \u00e0 disposer des blocs de pierre de diff\u00e9rentes dimensions de fa\u00e7on \u00e0 retenir la terre et \u00e0 \u00e9viter les mouvements de terrain : glissements de terrain, \u00e9boulements, effondrements, inondations, coul\u00e9es de boue, etc.<\/p>\n\n\n\n<p>Une d\u00e9marche naturelle (car sans b\u00e9tonnage) qui a un r\u00f4le aussi bien d\u00e9coratif que pratique.&nbsp;<\/p>\n\n\n\n<p>Les diff\u00e9rentes \u00e9tapes mises en oeuvre:<\/p>\n\n\n\n<ul class=\"wp-block-list\">\n<li>Relev\u00e9 d\u2019informations sur le terrain (m\u00e9tr\u00e9s, cubages, niveaux, analyse du sol, rep\u00e9rage des acc\u00e8s, des r\u00e9seaux enterr\u00e9s, \u00e9coulement des eaux\u2026)<\/li>\n\n\n\n<li>R\u00e9alisation de plans et suivi du chantier.&nbsp;<\/li>\n\n\n\n<li>Pr\u00e9paration du terrain avant la pose.&nbsp;<\/li>\n\n\n\n<li>S\u00e9lection m\u00e9ticuleuse des rochers avant leur acheminement sur site et agencement harmonieux de ceux-ci pour que l\u2019aspect visuel soit le plus naturel possible.<\/li>\n<\/ul>\n\n\n\n<figure class=\"wp-block-image size-large\"><img loading=\"lazy\" decoding=\"async\" width=\"1024\" height=\"577\" src=\"https:\/\/vidaillet-paysagiste.com\/wp-content\/uploads\/2026\/02\/20260127_111345-1024x577.jpg\" alt=\"\" class=\"wp-image-511\" srcset=\"https:\/\/vidaillet-paysagiste.com\/wp-content\/uploads\/2026\/02\/20260127_111345-1024x577.jpg 1024w, https:\/\/vidaillet-paysagiste.com\/wp-content\/uploads\/2026\/02\/20260127_111345-300x169.jpg 300w, https:\/\/vidaillet-paysagiste.com\/wp-content\/uploads\/2026\/02\/20260127_111345-768x432.jpg 768w, https:\/\/vidaillet-paysagiste.com\/wp-content\/uploads\/2026\/02\/20260127_111345-1536x865.jpg 1536w, https:\/\/vidaillet-paysagiste.com\/wp-content\/uploads\/2026\/02\/20260127_111345-2048x1153.jpg 2048w\" sizes=\"auto, (max-width: 767px) 89vw, (max-width: 1000px) 54vw, (max-width: 1071px) 543px, 580px\" \/><\/figure>\n\n\n\n<p><br><strong>CARACT\u00c9RISTIQUES TECHNIQUES DES MACHINES UTILIS\u00c9ES<\/strong><\/p>\n\n\n\n<ul class=\"wp-block-list\">\n<li>Pelle Kobelco SK 140SR lc (18 Tonnes, moteur 117ch \u00e0 2200tr\/mn):<\/li>\n<\/ul>\n\n\n\n<p>Machine moderne et d\u2019une grande pr\u00e9cision permettant le transport de charges lourdes avec une longue port\u00e9e d\u2019action.&nbsp;<\/p>\n\n\n\n<ul class=\"wp-block-list\">\n<li>Pelle Volvo ECR 58 plus (6,4 Tonnes, moteur 55ch \u00e0 2100tr\/mn):<\/li>\n<\/ul>\n\n\n\n<p>Id\u00e9ale pour les endroits o\u00f9 l\u2019espace est limit\u00e9 avec un court rayon d\u2019\u00e9volution et une excellente manoeuvrabilit\u00e9<\/p>\n\n\n\n<figure class=\"wp-block-image size-large\"><img loading=\"lazy\" decoding=\"async\" width=\"1024\" height=\"577\" src=\"https:\/\/vidaillet-paysagiste.com\/wp-content\/uploads\/2026\/02\/20260127_093712-1024x577.jpg\" alt=\"\" class=\"wp-image-509\" srcset=\"https:\/\/vidaillet-paysagiste.com\/wp-content\/uploads\/2026\/02\/20260127_093712-1024x577.jpg 1024w, https:\/\/vidaillet-paysagiste.com\/wp-content\/uploads\/2026\/02\/20260127_093712-300x169.jpg 300w, https:\/\/vidaillet-paysagiste.com\/wp-content\/uploads\/2026\/02\/20260127_093712-768x432.jpg 768w, https:\/\/vidaillet-paysagiste.com\/wp-content\/uploads\/2026\/02\/20260127_093712-1536x865.jpg 1536w, https:\/\/vidaillet-paysagiste.com\/wp-content\/uploads\/2026\/02\/20260127_093712-2048x1153.jpg 2048w\" sizes=\"auto, (max-width: 767px) 89vw, (max-width: 1000px) 54vw, (max-width: 1071px) 543px, 580px\" \/><figcaption class=\"wp-element-caption\">Enrochement sur forte pente<\/figcaption><\/figure>\n\n\n\n<figure class=\"wp-block-image size-large\"><img loading=\"lazy\" decoding=\"async\" width=\"1024\" height=\"498\" src=\"https:\/\/vidaillet-paysagiste.com\/wp-content\/uploads\/2026\/02\/unnamed-8-1024x498.jpg\" alt=\"\" class=\"wp-image-513\" srcset=\"https:\/\/vidaillet-paysagiste.com\/wp-content\/uploads\/2026\/02\/unnamed-8-1024x498.jpg 1024w, https:\/\/vidaillet-paysagiste.com\/wp-content\/uploads\/2026\/02\/unnamed-8-300x146.jpg 300w, https:\/\/vidaillet-paysagiste.com\/wp-content\/uploads\/2026\/02\/unnamed-8-768x373.jpg 768w, https:\/\/vidaillet-paysagiste.com\/wp-content\/uploads\/2026\/02\/unnamed-8-1536x747.jpg 1536w, https:\/\/vidaillet-paysagiste.com\/wp-content\/uploads\/2026\/02\/unnamed-8.jpg 1600w\" sizes=\"auto, (max-width: 767px) 89vw, (max-width: 1000px) 54vw, (max-width: 1071px) 543px, 580px\" \/><figcaption class=\"wp-element-caption\">Nivellement au laser avant pose de gazon synth\u00e9tique<\/figcaption><\/figure>\n\n\n\n<figure class=\"wp-block-image size-large\"><img loading=\"lazy\" decoding=\"async\" width=\"1024\" height=\"498\" src=\"https:\/\/vidaillet-paysagiste.com\/wp-content\/uploads\/2026\/02\/unnamed-1-3-1024x498.jpg\" alt=\"\" class=\"wp-image-515\" srcset=\"https:\/\/vidaillet-paysagiste.com\/wp-content\/uploads\/2026\/02\/unnamed-1-3-1024x498.jpg 1024w, https:\/\/vidaillet-paysagiste.com\/wp-content\/uploads\/2026\/02\/unnamed-1-3-300x146.jpg 300w, https:\/\/vidaillet-paysagiste.com\/wp-content\/uploads\/2026\/02\/unnamed-1-3-768x373.jpg 768w, https:\/\/vidaillet-paysagiste.com\/wp-content\/uploads\/2026\/02\/unnamed-1-3-1536x747.jpg 1536w, https:\/\/vidaillet-paysagiste.com\/wp-content\/uploads\/2026\/02\/unnamed-1-3.jpg 1600w\" sizes=\"auto, (max-width: 767px) 89vw, (max-width: 1000px) 54vw, (max-width: 1071px) 543px, 580px\" \/><figcaption class=\"wp-element-caption\">Rochers d\u00e9coratifs<\/figcaption><\/figure>\n\n\n\n<figure class=\"wp-block-image size-large\"><img loading=\"lazy\" decoding=\"async\" width=\"1024\" height=\"494\" src=\"https:\/\/vidaillet-paysagiste.com\/wp-content\/uploads\/2026\/02\/unnamed-7-1024x494.jpg\" alt=\"\" class=\"wp-image-516\" srcset=\"https:\/\/vidaillet-paysagiste.com\/wp-content\/uploads\/2026\/02\/unnamed-7-1024x494.jpg 1024w, https:\/\/vidaillet-paysagiste.com\/wp-content\/uploads\/2026\/02\/unnamed-7-300x145.jpg 300w, https:\/\/vidaillet-paysagiste.com\/wp-content\/uploads\/2026\/02\/unnamed-7-768x371.jpg 768w, https:\/\/vidaillet-paysagiste.com\/wp-content\/uploads\/2026\/02\/unnamed-7-1536x741.jpg 1536w, https:\/\/vidaillet-paysagiste.com\/wp-content\/uploads\/2026\/02\/unnamed-7.jpg 1600w\" sizes=\"auto, (max-width: 767px) 89vw, (max-width: 1000px) 54vw, (max-width: 1071px) 543px, 580px\" \/><figcaption class=\"wp-element-caption\">Formation de terrasses paysag\u00e9es<\/figcaption><\/figure>\n","protected":false},"excerpt":{"rendered":"<p>DESCRIPTION Ils d\u00e9signent les travaux consistant \u00e0 disposer des blocs de pierre de diff\u00e9rentes dimensions de fa\u00e7on \u00e0 retenir la terre et \u00e0 \u00e9viter les mouvements de terrain : glissements de terrain, \u00e9boulements, effondrements, inondations, coul\u00e9es de boue, etc. Une d\u00e9marche naturelle (car sans b\u00e9tonnage) qui a un r\u00f4le aussi bien d\u00e9coratif que pratique.&nbsp; Les &hellip; <\/p>\n<p class=\"link-more\"><a href=\"https:\/\/vidaillet-paysagiste.com\/index.php\/nos-realisations-2\/travaux-denrochement\/\" class=\"more-link\">Continuer la lecture<span class=\"screen-reader-text\"> de &laquo;&nbsp;Travaux d&rsquo;enrochement&nbsp;&raquo;<\/span><\/a><\/p>\n","protected":false},"author":1,"featured_media":0,"parent":114,"menu_order":0,"comment_status":"closed","ping_status":"closed","template":"","meta":{"footnotes":""},"class_list":["post-267","page","type-page","status-publish","hentry"],"_links":{"self":[{"href":"https:\/\/vidaillet-paysagiste.com\/index.php\/wp-json\/wp\/v2\/pages\/267","targetHints":{"allow":["GET"]}}],"collection":[{"href":"https:\/\/vidaillet-paysagiste.com\/index.php\/wp-json\/wp\/v2\/pages"}],"about":[{"href":"https:\/\/vidaillet-paysagiste.com\/index.php\/wp-json\/wp\/v2\/types\/page"}],"author":[{"embeddable":true,"href":"https:\/\/vidaillet-paysagiste.com\/index.php\/wp-json\/wp\/v2\/users\/1"}],"replies":[{"embeddable":true,"href":"https:\/\/vidaillet-paysagiste.com\/index.php\/wp-json\/wp\/v2\/comments?post=267"}],"version-history":[{"count":4,"href":"https:\/\/vidaillet-paysagiste.com\/index.php\/wp-json\/wp\/v2\/pages\/267\/revisions"}],"predecessor-version":[{"id":517,"href":"https:\/\/vidaillet-paysagiste.com\/index.php\/wp-json\/wp\/v2\/pages\/267\/revisions\/517"}],"up":[{"embeddable":true,"href":"https:\/\/vidaillet-paysagiste.com\/index.php\/wp-json\/wp\/v2\/pages\/114"}],"wp:attachment":[{"href":"https:\/\/vidaillet-paysagiste.com\/index.php\/wp-json\/wp\/v2\/media?parent=267"}],"curies":[{"name":"wp","href":"https:\/\/api.w.org\/{rel}","templated":true}]}}