{"id":265,"date":"2026-02-25T12:08:47","date_gmt":"2026-02-25T11:08:47","guid":{"rendered":"https:\/\/vidaillet-paysagiste.com\/?page_id=265"},"modified":"2026-02-26T11:17:07","modified_gmt":"2026-02-26T10:17:07","slug":"palissage-inox","status":"publish","type":"page","link":"https:\/\/vidaillet-paysagiste.com\/index.php\/nos-realisations-2\/palissage-inox\/","title":{"rendered":"Palissage inox"},"content":{"rendered":"\n<p><\/p>\n\n\n\n<p><strong>DESCRIPTION<\/strong><\/p>\n\n\n\n<p>Il existe de multiples possibilit\u00e9s pour placer de la verdure sur les murs de la maison : palisser quelques petites plantes grimpantes, recouvrir enti\u00e8rement une fa\u00e7ade, cr\u00e9er des formes pour \u00e9pouser l\u2019architecture\u2026<\/p>\n\n\n\n<p>Il peut aussi \u00eatre int\u00e9ressant de palisser des plantes grimpantes sur d\u2019autres \u00e9l\u00e9ments du b\u00e2timent:&nbsp;<\/p>\n\n\n\n<p>les balcons, les descentes d\u2019eau, les piliers, les tonnelles, les pergolas, nous pouvons aussi cr\u00e9er des galeries ou auvents v\u00e9g\u00e9taux.&nbsp;<\/p>\n\n\n<div class=\"wp-block-image\">\n<figure class=\"aligncenter size-large\"><img loading=\"lazy\" decoding=\"async\" width=\"1024\" height=\"498\" src=\"https:\/\/vidaillet-paysagiste.com\/wp-content\/uploads\/2026\/02\/unnamed-3-1-1024x498.jpg\" alt=\"\" class=\"wp-image-393\" srcset=\"https:\/\/vidaillet-paysagiste.com\/wp-content\/uploads\/2026\/02\/unnamed-3-1-1024x498.jpg 1024w, https:\/\/vidaillet-paysagiste.com\/wp-content\/uploads\/2026\/02\/unnamed-3-1-300x146.jpg 300w, https:\/\/vidaillet-paysagiste.com\/wp-content\/uploads\/2026\/02\/unnamed-3-1-768x373.jpg 768w, https:\/\/vidaillet-paysagiste.com\/wp-content\/uploads\/2026\/02\/unnamed-3-1-1536x747.jpg 1536w, https:\/\/vidaillet-paysagiste.com\/wp-content\/uploads\/2026\/02\/unnamed-3-1.jpg 1600w\" sizes=\"auto, (max-width: 767px) 89vw, (max-width: 1000px) 54vw, (max-width: 1071px) 543px, 580px\" \/><figcaption class=\"wp-element-caption\">Guidage des branches des plantes grimpantes tout autour des c\u00e2bles gr\u00e2ce \u00e0 l\u2019espacement avec le mur\u00a0<\/figcaption><\/figure>\n<\/div>\n\n\n<div class=\"wp-block-columns is-layout-flex wp-container-core-columns-is-layout-9d6595d7 wp-block-columns-is-layout-flex\">\n<div class=\"wp-block-column is-layout-flow wp-block-column-is-layout-flow\" style=\"flex-basis:66.66%\">\n<figure class=\"wp-block-image size-full\"><img loading=\"lazy\" decoding=\"async\" width=\"750\" height=\"250\" src=\"https:\/\/vidaillet-paysagiste.com\/wp-content\/uploads\/2026\/02\/unnamed-4.jpg\" alt=\"\" class=\"wp-image-394\" srcset=\"https:\/\/vidaillet-paysagiste.com\/wp-content\/uploads\/2026\/02\/unnamed-4.jpg 750w, https:\/\/vidaillet-paysagiste.com\/wp-content\/uploads\/2026\/02\/unnamed-4-300x100.jpg 300w\" sizes=\"auto, (max-width: 706px) 89vw, (max-width: 767px) 82vw, 740px\" \/><figcaption class=\"wp-element-caption\">C\u00e2ble inox 3mm<\/figcaption><\/figure>\n<\/div>\n<\/div>\n\n\n\n<div class=\"wp-block-columns is-layout-flex wp-container-core-columns-is-layout-9d6595d7 wp-block-columns-is-layout-flex\">\n<div class=\"wp-block-column is-layout-flow wp-block-column-is-layout-flow\" style=\"flex-basis:66.66%\">\n<figure class=\"wp-block-image size-full\"><img loading=\"lazy\" decoding=\"async\" width=\"750\" height=\"250\" src=\"https:\/\/vidaillet-paysagiste.com\/wp-content\/uploads\/2026\/02\/unnamed-1-2.jpg\" alt=\"\" class=\"wp-image-395\" srcset=\"https:\/\/vidaillet-paysagiste.com\/wp-content\/uploads\/2026\/02\/unnamed-1-2.jpg 750w, https:\/\/vidaillet-paysagiste.com\/wp-content\/uploads\/2026\/02\/unnamed-1-2-300x100.jpg 300w\" sizes=\"auto, (max-width: 706px) 89vw, (max-width: 767px) 82vw, 740px\" \/><figcaption class=\"wp-element-caption\">Porte corde M8<\/figcaption><\/figure>\n<\/div>\n<\/div>\n\n\n\n<div class=\"wp-block-columns is-layout-flex wp-container-core-columns-is-layout-9d6595d7 wp-block-columns-is-layout-flex\">\n<div class=\"wp-block-column is-layout-flow wp-block-column-is-layout-flow\">\n<figure class=\"wp-block-image size-full\"><img loading=\"lazy\" decoding=\"async\" width=\"500\" height=\"334\" src=\"https:\/\/vidaillet-paysagiste.com\/wp-content\/uploads\/2026\/02\/unnamed-5.jpg\" alt=\"\" class=\"wp-image-396\" srcset=\"https:\/\/vidaillet-paysagiste.com\/wp-content\/uploads\/2026\/02\/unnamed-5.jpg 500w, https:\/\/vidaillet-paysagiste.com\/wp-content\/uploads\/2026\/02\/unnamed-5-300x200.jpg 300w\" sizes=\"auto, (max-width: 500px) 100vw, 500px\" \/><figcaption class=\"wp-element-caption\">Pince en croix<\/figcaption><\/figure>\n<\/div>\n\n\n\n<div class=\"wp-block-column is-layout-flow wp-block-column-is-layout-flow\">\n<figure class=\"wp-block-image size-large\"><img loading=\"lazy\" decoding=\"async\" width=\"584\" height=\"389\" src=\"https:\/\/vidaillet-paysagiste.com\/wp-content\/uploads\/2026\/02\/unnamed-4-1-edited-1.jpg\" alt=\"\" class=\"wp-image-399\" srcset=\"https:\/\/vidaillet-paysagiste.com\/wp-content\/uploads\/2026\/02\/unnamed-4-1-edited-1.jpg 584w, https:\/\/vidaillet-paysagiste.com\/wp-content\/uploads\/2026\/02\/unnamed-4-1-edited-1-300x200.jpg 300w\" sizes=\"auto, (max-width: 584px) 100vw, 584px\" \/><\/figure>\n<\/div>\n<\/div>\n\n\n\n<div class=\"wp-block-columns is-layout-flex wp-container-core-columns-is-layout-9d6595d7 wp-block-columns-is-layout-flex\">\n<div class=\"wp-block-column is-layout-flow wp-block-column-is-layout-flow\">\n<figure class=\"wp-block-image size-full\"><img loading=\"lazy\" decoding=\"async\" width=\"500\" height=\"333\" src=\"https:\/\/vidaillet-paysagiste.com\/wp-content\/uploads\/2026\/02\/unnamed-6-edited.jpg\" alt=\"\" class=\"wp-image-401\" srcset=\"https:\/\/vidaillet-paysagiste.com\/wp-content\/uploads\/2026\/02\/unnamed-6-edited.jpg 500w, https:\/\/vidaillet-paysagiste.com\/wp-content\/uploads\/2026\/02\/unnamed-6-edited-300x200.jpg 300w\" sizes=\"auto, (max-width: 500px) 100vw, 500px\" \/><figcaption class=\"wp-element-caption\">Embouts de finition<\/figcaption><\/figure>\n<\/div>\n\n\n\n<div class=\"wp-block-column is-layout-flow wp-block-column-is-layout-flow\"><\/div>\n<\/div>\n\n\n\n<p><strong>AVANTAGES<\/strong><\/p>\n\n\n\n<p>Esth\u00e9tique:&nbsp;<\/p>\n\n\n\n<p>Les syst\u00e8mes de palissage que nous installons \u00e9tant enti\u00e8rement en acier inoxydable, il n\u2019y a pas de risque de coulures d\u2019oxydation sur les fa\u00e7ades et ils sont plus durables dans le temps.&nbsp;<\/p>\n\n\n\n<p>Il est possible d\u2019obtenir un r\u00e9sultat tr\u00e8s soign\u00e9 et d\u2019une grande pr\u00e9cision dans l\u2019alignement de la structure.&nbsp;<\/p>\n\n\n\n<ul class=\"wp-block-list\">\n<li>Nous pouvons disposer les c\u00e2bles comme vous le d\u00e9sirez sur les fa\u00e7ades, de mani\u00e8re lin\u00e9aire ou en quadrillage.\u00a0<\/li>\n\n\n\n<li>Il est aussi possible d\u2019\u00e9pouser les courbes d\u2019un mur tout en gardant un \u00e9cartement satisfaisant entre celui-ci et le c\u00e2ble.\u00a0<\/li>\n<\/ul>\n\n\n\n<p>\u00c9cologique:<\/p>\n\n\n\n<p>Les plantes grimpantes constituent un biotope et un abri pour les petits animaux et contribuent \u00e0 la diversit\u00e9 biologique et \u00e0 la protection des insectes, papillons et oiseaux\u2026<\/p>\n\n\n\n<p>Les plantes grimpantes retiennent les particules fines, augmentent l\u2019humidit\u00e9 de l\u2019air, participent \u00e0 la baisse des temp\u00e9ratures en \u00e9t\u00e9, et r\u00e9duisent ainsi les mouvements de poussi\u00e8re.<\/p>\n\n\n\n<p>Pare-vue:<\/p>\n\n\n\n<p>Les plantes grimpantes peuvent prot\u00e9ger des regards si elles sont plac\u00e9es \u00e0 quelque distance de la maison. Cela concerne les s\u00e9parations sur les terrasses, les rambardes de <a href=\"https:\/\/www.fassadengruen.de\/fr\/cultiver-des-plantes-sur-le-balcon.html\">balcons<\/a>, les grands <a href=\"https:\/\/www.fassadengruen.de\/fr\/vegetation-de-grandes-structures.html\">murs de v\u00e9g\u00e9tation<\/a>, les <a href=\"https:\/\/www.fassadengruen.de\/fr\/palissage-pergola.html\">pergolas<\/a>, les <a href=\"https:\/\/www.fassadengruen.de\/fr\/abri-de-voiture-et-plante-grimpante.html\">carports<\/a>, les <a href=\"https:\/\/www.fassadengruen.de\/fr\/palisser-sur-une-cloture.html\">emplacements poubelle<\/a> ainsi que les <a href=\"https:\/\/www.fassadengruen.de\/fr\/palisser-sur-une-cloture.html\">cl\u00f4tures<\/a> du jardin.<br><\/p>\n\n\n\n<p><strong>INFOS PRATIQUES<\/strong><\/p>\n\n\n\n<ul class=\"wp-block-list\">\n<li>La mise en place d\u2019une structure de qualit\u00e9 est un travail m\u00e9ticuleux. Le support sur lequel elle est install\u00e9e peut faire largement varier le temps de pose. Par exemple sur un mur de pierre il est beaucoup plus difficile de percer et d\u2019avoir un bon alignement car les supports peuvent tomber entre deux pierres.\u00a0\u00a0\u00a0<br><br><strong>NOS R\u00c9ALISATIONS DE PALISSAGES EN INOX<\/strong><\/li>\n<\/ul>\n\n\n\n<figure class=\"wp-block-image size-large\"><img loading=\"lazy\" decoding=\"async\" width=\"1024\" height=\"498\" src=\"https:\/\/vidaillet-paysagiste.com\/wp-content\/uploads\/2026\/02\/20230504_132707-1024x498.jpg\" alt=\"\" class=\"wp-image-407\" srcset=\"https:\/\/vidaillet-paysagiste.com\/wp-content\/uploads\/2026\/02\/20230504_132707-1024x498.jpg 1024w, https:\/\/vidaillet-paysagiste.com\/wp-content\/uploads\/2026\/02\/20230504_132707-300x146.jpg 300w, https:\/\/vidaillet-paysagiste.com\/wp-content\/uploads\/2026\/02\/20230504_132707-768x373.jpg 768w, https:\/\/vidaillet-paysagiste.com\/wp-content\/uploads\/2026\/02\/20230504_132707-1536x747.jpg 1536w, https:\/\/vidaillet-paysagiste.com\/wp-content\/uploads\/2026\/02\/20230504_132707-2048x996.jpg 2048w\" sizes=\"auto, (max-width: 767px) 89vw, (max-width: 1000px) 54vw, (max-width: 1071px) 543px, 580px\" \/><\/figure>\n\n\n\n<figure class=\"wp-block-image size-large\"><img loading=\"lazy\" decoding=\"async\" width=\"1024\" height=\"498\" src=\"https:\/\/vidaillet-paysagiste.com\/wp-content\/uploads\/2026\/02\/20230515_145451-1024x498.jpg\" alt=\"\" class=\"wp-image-408\" srcset=\"https:\/\/vidaillet-paysagiste.com\/wp-content\/uploads\/2026\/02\/20230515_145451-1024x498.jpg 1024w, https:\/\/vidaillet-paysagiste.com\/wp-content\/uploads\/2026\/02\/20230515_145451-300x146.jpg 300w, https:\/\/vidaillet-paysagiste.com\/wp-content\/uploads\/2026\/02\/20230515_145451-768x373.jpg 768w, https:\/\/vidaillet-paysagiste.com\/wp-content\/uploads\/2026\/02\/20230515_145451-1536x747.jpg 1536w, https:\/\/vidaillet-paysagiste.com\/wp-content\/uploads\/2026\/02\/20230515_145451-2048x996.jpg 2048w\" sizes=\"auto, (max-width: 767px) 89vw, (max-width: 1000px) 54vw, (max-width: 1071px) 543px, 580px\" \/><\/figure>\n\n\n\n<figure class=\"wp-block-image size-large\"><img loading=\"lazy\" decoding=\"async\" width=\"1024\" height=\"498\" src=\"https:\/\/vidaillet-paysagiste.com\/wp-content\/uploads\/2026\/02\/20230607_151938-1024x498.jpg\" alt=\"\" class=\"wp-image-410\" srcset=\"https:\/\/vidaillet-paysagiste.com\/wp-content\/uploads\/2026\/02\/20230607_151938-1024x498.jpg 1024w, https:\/\/vidaillet-paysagiste.com\/wp-content\/uploads\/2026\/02\/20230607_151938-300x146.jpg 300w, https:\/\/vidaillet-paysagiste.com\/wp-content\/uploads\/2026\/02\/20230607_151938-768x373.jpg 768w, https:\/\/vidaillet-paysagiste.com\/wp-content\/uploads\/2026\/02\/20230607_151938-1536x747.jpg 1536w, https:\/\/vidaillet-paysagiste.com\/wp-content\/uploads\/2026\/02\/20230607_151938-2048x996.jpg 2048w\" sizes=\"auto, (max-width: 767px) 89vw, (max-width: 1000px) 54vw, (max-width: 1071px) 543px, 580px\" \/><\/figure>\n","protected":false},"excerpt":{"rendered":"<p>DESCRIPTION Il existe de multiples possibilit\u00e9s pour placer de la verdure sur les murs de la maison : palisser quelques petites plantes grimpantes, recouvrir enti\u00e8rement une fa\u00e7ade, cr\u00e9er des formes pour \u00e9pouser l\u2019architecture\u2026 Il peut aussi \u00eatre int\u00e9ressant de palisser des plantes grimpantes sur d\u2019autres \u00e9l\u00e9ments du b\u00e2timent:&nbsp; les balcons, les descentes d\u2019eau, les piliers, &hellip; <\/p>\n<p class=\"link-more\"><a href=\"https:\/\/vidaillet-paysagiste.com\/index.php\/nos-realisations-2\/palissage-inox\/\" class=\"more-link\">Continuer la lecture<span class=\"screen-reader-text\"> de &laquo;&nbsp;Palissage inox&nbsp;&raquo;<\/span><\/a><\/p>\n","protected":false},"author":1,"featured_media":0,"parent":114,"menu_order":0,"comment_status":"closed","ping_status":"closed","template":"","meta":{"footnotes":""},"class_list":["post-265","page","type-page","status-publish","hentry"],"_links":{"self":[{"href":"https:\/\/vidaillet-paysagiste.com\/index.php\/wp-json\/wp\/v2\/pages\/265","targetHints":{"allow":["GET"]}}],"collection":[{"href":"https:\/\/vidaillet-paysagiste.com\/index.php\/wp-json\/wp\/v2\/pages"}],"about":[{"href":"https:\/\/vidaillet-paysagiste.com\/index.php\/wp-json\/wp\/v2\/types\/page"}],"author":[{"embeddable":true,"href":"https:\/\/vidaillet-paysagiste.com\/index.php\/wp-json\/wp\/v2\/users\/1"}],"replies":[{"embeddable":true,"href":"https:\/\/vidaillet-paysagiste.com\/index.php\/wp-json\/wp\/v2\/comments?post=265"}],"version-history":[{"count":5,"href":"https:\/\/vidaillet-paysagiste.com\/index.php\/wp-json\/wp\/v2\/pages\/265\/revisions"}],"predecessor-version":[{"id":415,"href":"https:\/\/vidaillet-paysagiste.com\/index.php\/wp-json\/wp\/v2\/pages\/265\/revisions\/415"}],"up":[{"embeddable":true,"href":"https:\/\/vidaillet-paysagiste.com\/index.php\/wp-json\/wp\/v2\/pages\/114"}],"wp:attachment":[{"href":"https:\/\/vidaillet-paysagiste.com\/index.php\/wp-json\/wp\/v2\/media?parent=265"}],"curies":[{"name":"wp","href":"https:\/\/api.w.org\/{rel}","templated":true}]}}