{"id":263,"date":"2026-02-25T12:07:59","date_gmt":"2026-02-25T11:07:59","guid":{"rendered":"https:\/\/vidaillet-paysagiste.com\/?page_id=263"},"modified":"2026-02-26T09:20:21","modified_gmt":"2026-02-26T08:20:21","slug":"gazon-synthetique","status":"publish","type":"page","link":"https:\/\/vidaillet-paysagiste.com\/index.php\/nos-realisations-2\/gazon-synthetique\/","title":{"rendered":"Gazon synth\u00e9tique"},"content":{"rendered":"\n<figure class=\"wp-block-image size-large\"><img loading=\"lazy\" decoding=\"async\" width=\"1024\" height=\"498\" src=\"https:\/\/vidaillet-paysagiste.com\/wp-content\/uploads\/2026\/02\/Copie-de-20220620_132219-1024x498.jpg\" alt=\"\" class=\"wp-image-332\" srcset=\"https:\/\/vidaillet-paysagiste.com\/wp-content\/uploads\/2026\/02\/Copie-de-20220620_132219-1024x498.jpg 1024w, https:\/\/vidaillet-paysagiste.com\/wp-content\/uploads\/2026\/02\/Copie-de-20220620_132219-300x146.jpg 300w, https:\/\/vidaillet-paysagiste.com\/wp-content\/uploads\/2026\/02\/Copie-de-20220620_132219-768x373.jpg 768w, https:\/\/vidaillet-paysagiste.com\/wp-content\/uploads\/2026\/02\/Copie-de-20220620_132219-1536x747.jpg 1536w, https:\/\/vidaillet-paysagiste.com\/wp-content\/uploads\/2026\/02\/Copie-de-20220620_132219-2048x996.jpg 2048w\" sizes=\"auto, (max-width: 767px) 89vw, (max-width: 1000px) 54vw, (max-width: 1071px) 543px, 580px\" \/><\/figure>\n\n\n\n<p><strong>DESCRIPTION DU PRODUIT<\/strong><\/p>\n\n\n\n<p>Type de fibres:<\/p>\n\n\n\n<p>Le fil fris\u00e9 ou textur\u00e9, donne son ressort naturel au gazon artificiel.&nbsp;<\/p>\n\n\n\n<p>Ce qui rend le produit encore plus r\u00e9aliste, c\u2019est qu\u2019il est compos\u00e9 de brins multidirectionnels.<\/p>\n\n\n<div class=\"wp-block-image\">\n<figure class=\"aligncenter size-full is-resized\"><img loading=\"lazy\" decoding=\"async\" width=\"400\" height=\"400\" src=\"https:\/\/vidaillet-paysagiste.com\/wp-content\/uploads\/2026\/02\/zoom-fibres.jpg\" alt=\"\" class=\"wp-image-368\" style=\"width:250px;height:auto\" srcset=\"https:\/\/vidaillet-paysagiste.com\/wp-content\/uploads\/2026\/02\/zoom-fibres.jpg 400w, https:\/\/vidaillet-paysagiste.com\/wp-content\/uploads\/2026\/02\/zoom-fibres-300x300.jpg 300w, https:\/\/vidaillet-paysagiste.com\/wp-content\/uploads\/2026\/02\/zoom-fibres-150x150.jpg 150w, https:\/\/vidaillet-paysagiste.com\/wp-content\/uploads\/2026\/02\/zoom-fibres-100x100.jpg 100w\" sizes=\"auto, (max-width: 400px) 100vw, 400px\" \/><\/figure>\n<\/div>\n\n\n<p>Ces brins vrillent et peuvent s\u2019entortiller sur eux-m\u00eames, comme le font de vrais brins d\u2019herbe naturelle. C\u2019est pourquoi ce produit s\u2019oriente indiff\u00e9remment par rapport \u00e0 la lumi\u00e8re et au regard. C\u2019est impossible avec des brins unidirectionnels qui se l\u00e8vent ou se couchent dans la m\u00eame direction sans jamais s\u2019entrem\u00ealer.<\/p>\n\n\n\n<p>Une fois les fibres fix\u00e9es \u00e0 la trame en polypropyl\u00e8ne tiss\u00e9e et <strong>stabilis\u00e9e aux UV<\/strong>, elles sont emprisonn\u00e9es par une enduction de latex de synth\u00e8se (styr\u00e8ne butadi\u00e8ne).<\/p>\n\n\n<div class=\"wp-block-image\">\n<figure class=\"aligncenter size-full is-resized\"><img loading=\"lazy\" decoding=\"async\" width=\"650\" height=\"543\" src=\"https:\/\/vidaillet-paysagiste.com\/wp-content\/uploads\/2026\/02\/unnamed-6.png\" alt=\"\" class=\"wp-image-339\" style=\"aspect-ratio:1.1971567527123084;width:292px;height:auto\" srcset=\"https:\/\/vidaillet-paysagiste.com\/wp-content\/uploads\/2026\/02\/unnamed-6.png 650w, https:\/\/vidaillet-paysagiste.com\/wp-content\/uploads\/2026\/02\/unnamed-6-300x251.png 300w\" sizes=\"auto, (max-width: 650px) 100vw, 650px\" \/><\/figure>\n<\/div>\n\n\n<p>Couleur:<\/p>\n\n\n\n<p>Notre pelouse artificielle comporte trois couleurs de fils. Les mono-filaments ont deux nuances de vert. Les fils fris\u00e9s, qui imitent les brins d\u2019herbe s\u00e8che, sont beiges.&nbsp;<\/p>\n\n\n\n<p><strong>AVANTAGES<\/strong><\/p>\n\n\n\n<div class=\"wp-block-group is-nowrap is-layout-flex wp-container-core-group-is-layout-ad2f72ca wp-block-group-is-layout-flex\">\n<p>Esth\u00e9tique:&nbsp;<\/p>\n<\/div>\n\n\n\n<p>A l\u2019\u0153il comme au toucher, notre pelouse synth\u00e9tique est <strong>d\u2019un r\u00e9alisme incroyable<\/strong>. Il est loin le temps des gazons synth\u00e9tiques que l\u2019on rep\u00e8re au premier coup d\u2019\u0153il ! Tous les fabricants, fran\u00e7ais et europ\u00e9ens ont \u00e9norm\u00e9ment progress\u00e9 dans le rendu visuel et tactile de leurs produits.<\/p>\n\n\n\n<figure class=\"wp-block-image size-large\"><img loading=\"lazy\" decoding=\"async\" width=\"1024\" height=\"498\" src=\"https:\/\/vidaillet-paysagiste.com\/wp-content\/uploads\/2026\/02\/unnamed-2-1-1024x498.jpg\" alt=\"\" class=\"wp-image-360\" srcset=\"https:\/\/vidaillet-paysagiste.com\/wp-content\/uploads\/2026\/02\/unnamed-2-1-1024x498.jpg 1024w, https:\/\/vidaillet-paysagiste.com\/wp-content\/uploads\/2026\/02\/unnamed-2-1-300x146.jpg 300w, https:\/\/vidaillet-paysagiste.com\/wp-content\/uploads\/2026\/02\/unnamed-2-1-768x373.jpg 768w, https:\/\/vidaillet-paysagiste.com\/wp-content\/uploads\/2026\/02\/unnamed-2-1-1536x747.jpg 1536w, https:\/\/vidaillet-paysagiste.com\/wp-content\/uploads\/2026\/02\/unnamed-2-1.jpg 1600w\" sizes=\"auto, (max-width: 767px) 89vw, (max-width: 1000px) 54vw, (max-width: 1071px) 543px, 580px\" \/><\/figure>\n\n\n\n<p>Confort:&nbsp;<\/p>\n\n\n\n<p>Il isole le sol, <strong>prot\u00e8ge votre lieu d\u2019habitation et votre piscine de la boue<\/strong>.<\/p>\n\n\n\n<p>\u00c9conomique:&nbsp;<\/p>\n\n\n\n<p>Plus cher \u00e0 l\u2019achat qu\u2019un gazon naturel, <a href=\"https:\/\/www.azurio-gazon.fr\/10-bonnes-raisons-preferer-gazon-synthetique\/\">le gazon synth\u00e9tique est <strong>tr\u00e8s rapidement amorti financi\u00e8rement<\/strong><\/a>.<\/p>\n\n\n\n<p>En effet, l\u2019herbe synth\u00e9tique ne n\u00e9cessite aucun arrosage r\u00e9gulier, ni frais d\u2019entretien, ni renouvellement de semis, ni apport d\u2019engrais ou de produits phytosanitaires. Tous ces frais disparaissent, d\u00e8s la premi\u00e8re ann\u00e9e, avec un engazonnement artificiel.<\/p>\n\n\n\n<p>Notre produit est garanti 10 ans fabricant.<\/p>\n\n\n\n<div class=\"wp-block-group is-nowrap is-layout-flex wp-container-core-group-is-layout-ad2f72ca wp-block-group-is-layout-flex\">\n<p>Fabriqu\u00e9 en France<\/p>\n\n\n<div class=\"wp-block-image\">\n<figure class=\"aligncenter size-full is-resized\"><img loading=\"lazy\" decoding=\"async\" width=\"24\" height=\"16\" src=\"https:\/\/vidaillet-paysagiste.com\/wp-content\/uploads\/2026\/02\/unnamed-7.png\" alt=\"\" class=\"wp-image-340\" style=\"width:30px;height:auto\"\/><\/figure>\n<\/div><\/div>\n\n\n\n<p>        <\/p>\n\n\n\n<p>\u00c9cologique:<\/p>\n\n\n\n<p>Une <strong>\u00e9tude r\u00e9alis\u00e9e par Bio Intelligence Service<\/strong> (leader en ce qui concerne l\u2019\u00e9tude des mesures et la v\u00e9rification des performances environnementales) vise \u00e0 <strong>comparer le cycle de vie<\/strong> d\u2019un <strong>gazon synth\u00e9tique<\/strong> avec celui d\u2019un <strong>gazon naturel<\/strong>.<\/p>\n\n\n\n<p>Cette \u00e9tude a permis de dresser un <strong>\u00e9co-profil comparatif<\/strong> qui tient compte de l\u2019ensemble du cycle d\u2019utilisation <strong>depuis la fabrication jusqu\u2019au d\u00e9mant\u00e8lement<\/strong>.<\/p>\n\n\n\n<p><strong>Cinq indicateurs<\/strong> ont \u00e9t\u00e9 retenus : il s\u2019agit des indicateurs les plus parlants concernant les <strong>pr\u00e9occupations environnementales<\/strong> actuelles tel le maintien des \u00e9cosyst\u00e8mes et la lutte contre le r\u00e9chauffement climatique.<\/p>\n\n\n\n<p>Consommation d\u2019eau, production de d\u00e9chets, influence sur le r\u00e9chauffement climatique, eutrophisation des eaux, ecotoxicit\u00e9 s\u00e9dimentaire.&nbsp;<\/p>\n\n\n<div class=\"wp-block-image\">\n<figure class=\"aligncenter size-full\"><img loading=\"lazy\" decoding=\"async\" width=\"686\" height=\"142\" src=\"https:\/\/vidaillet-paysagiste.com\/wp-content\/uploads\/2026\/02\/Image1-1.jpg\" alt=\"\" class=\"wp-image-369\" srcset=\"https:\/\/vidaillet-paysagiste.com\/wp-content\/uploads\/2026\/02\/Image1-1.jpg 686w, https:\/\/vidaillet-paysagiste.com\/wp-content\/uploads\/2026\/02\/Image1-1-300x62.jpg 300w\" sizes=\"auto, (max-width: 686px) 100vw, 686px\" \/><\/figure>\n<\/div>\n\n\n<p>Ces crit\u00e8res objectifs, qui ont fait l\u2019objet de r\u00e9elles mesures, affirment qu\u2019<strong>un gazon synth\u00e9tique plac\u00e9 en lieu et place d\u2019une pelouse naturelle ne fait pas courir davantage de risques \u00e9cologiques \u00e0 notre plan\u00e8te.<\/strong><br><\/p>\n\n\n\n<p><strong>QUELQUES UNES DE NOS R\u00c9ALISATIONS<\/strong><\/p>\n\n\n\n<figure class=\"wp-block-image size-large\"><img loading=\"lazy\" decoding=\"async\" width=\"1024\" height=\"576\" src=\"https:\/\/vidaillet-paysagiste.com\/wp-content\/uploads\/2026\/02\/20210519_162753-1024x576.jpg\" alt=\"\" class=\"wp-image-352\" srcset=\"https:\/\/vidaillet-paysagiste.com\/wp-content\/uploads\/2026\/02\/20210519_162753-1024x576.jpg 1024w, https:\/\/vidaillet-paysagiste.com\/wp-content\/uploads\/2026\/02\/20210519_162753-300x169.jpg 300w, https:\/\/vidaillet-paysagiste.com\/wp-content\/uploads\/2026\/02\/20210519_162753-768x432.jpg 768w, https:\/\/vidaillet-paysagiste.com\/wp-content\/uploads\/2026\/02\/20210519_162753-1536x864.jpg 1536w, https:\/\/vidaillet-paysagiste.com\/wp-content\/uploads\/2026\/02\/20210519_162753-2048x1152.jpg 2048w\" sizes=\"auto, (max-width: 767px) 89vw, (max-width: 1000px) 54vw, (max-width: 1071px) 543px, 580px\" \/><\/figure>\n\n\n\n<figure class=\"wp-block-image size-large\"><img loading=\"lazy\" decoding=\"async\" width=\"1024\" height=\"576\" src=\"https:\/\/vidaillet-paysagiste.com\/wp-content\/uploads\/2026\/02\/20210520_130202-1024x576.jpg\" alt=\"\" class=\"wp-image-355\" srcset=\"https:\/\/vidaillet-paysagiste.com\/wp-content\/uploads\/2026\/02\/20210520_130202-1024x576.jpg 1024w, https:\/\/vidaillet-paysagiste.com\/wp-content\/uploads\/2026\/02\/20210520_130202-300x169.jpg 300w, https:\/\/vidaillet-paysagiste.com\/wp-content\/uploads\/2026\/02\/20210520_130202-768x432.jpg 768w, https:\/\/vidaillet-paysagiste.com\/wp-content\/uploads\/2026\/02\/20210520_130202-1536x864.jpg 1536w, https:\/\/vidaillet-paysagiste.com\/wp-content\/uploads\/2026\/02\/20210520_130202-2048x1152.jpg 2048w\" sizes=\"auto, (max-width: 767px) 89vw, (max-width: 1000px) 54vw, (max-width: 1071px) 543px, 580px\" \/><\/figure>\n\n\n\n<figure class=\"wp-block-image size-large\"><img loading=\"lazy\" decoding=\"async\" width=\"1024\" height=\"576\" src=\"https:\/\/vidaillet-paysagiste.com\/wp-content\/uploads\/2026\/02\/20210520_130258-1024x576.jpg\" alt=\"\" class=\"wp-image-356\" srcset=\"https:\/\/vidaillet-paysagiste.com\/wp-content\/uploads\/2026\/02\/20210520_130258-1024x576.jpg 1024w, https:\/\/vidaillet-paysagiste.com\/wp-content\/uploads\/2026\/02\/20210520_130258-300x169.jpg 300w, https:\/\/vidaillet-paysagiste.com\/wp-content\/uploads\/2026\/02\/20210520_130258-768x432.jpg 768w, https:\/\/vidaillet-paysagiste.com\/wp-content\/uploads\/2026\/02\/20210520_130258-1536x864.jpg 1536w, https:\/\/vidaillet-paysagiste.com\/wp-content\/uploads\/2026\/02\/20210520_130258-2048x1152.jpg 2048w\" sizes=\"auto, (max-width: 767px) 89vw, (max-width: 1000px) 54vw, (max-width: 1071px) 543px, 580px\" \/><\/figure>\n\n\n\n<figure class=\"wp-block-image size-large\"><img loading=\"lazy\" decoding=\"async\" width=\"1024\" height=\"498\" src=\"https:\/\/vidaillet-paysagiste.com\/wp-content\/uploads\/2026\/02\/20220112_144442-1-1024x498.jpg\" alt=\"\" class=\"wp-image-354\" srcset=\"https:\/\/vidaillet-paysagiste.com\/wp-content\/uploads\/2026\/02\/20220112_144442-1-1024x498.jpg 1024w, https:\/\/vidaillet-paysagiste.com\/wp-content\/uploads\/2026\/02\/20220112_144442-1-300x146.jpg 300w, https:\/\/vidaillet-paysagiste.com\/wp-content\/uploads\/2026\/02\/20220112_144442-1-768x373.jpg 768w, https:\/\/vidaillet-paysagiste.com\/wp-content\/uploads\/2026\/02\/20220112_144442-1-1536x747.jpg 1536w, https:\/\/vidaillet-paysagiste.com\/wp-content\/uploads\/2026\/02\/20220112_144442-1-2048x996.jpg 2048w\" sizes=\"auto, (max-width: 767px) 89vw, (max-width: 1000px) 54vw, (max-width: 1071px) 543px, 580px\" \/><\/figure>\n\n\n\n<figure class=\"wp-block-image size-large\"><img loading=\"lazy\" decoding=\"async\" width=\"1024\" height=\"498\" src=\"https:\/\/vidaillet-paysagiste.com\/wp-content\/uploads\/2026\/02\/20230621_144746-1024x498.jpg\" alt=\"\" class=\"wp-image-358\" srcset=\"https:\/\/vidaillet-paysagiste.com\/wp-content\/uploads\/2026\/02\/20230621_144746-1024x498.jpg 1024w, https:\/\/vidaillet-paysagiste.com\/wp-content\/uploads\/2026\/02\/20230621_144746-300x146.jpg 300w, https:\/\/vidaillet-paysagiste.com\/wp-content\/uploads\/2026\/02\/20230621_144746-768x373.jpg 768w, https:\/\/vidaillet-paysagiste.com\/wp-content\/uploads\/2026\/02\/20230621_144746-1536x747.jpg 1536w, https:\/\/vidaillet-paysagiste.com\/wp-content\/uploads\/2026\/02\/20230621_144746-2048x996.jpg 2048w\" sizes=\"auto, (max-width: 767px) 89vw, (max-width: 1000px) 54vw, (max-width: 1071px) 543px, 580px\" \/><\/figure>\n\n\n\n<figure class=\"wp-block-gallery has-nested-images columns-default is-cropped wp-block-gallery-1 is-layout-flex wp-block-gallery-is-layout-flex\">\n<figure class=\"wp-block-image size-large\"><img loading=\"lazy\" decoding=\"async\" width=\"576\" height=\"1024\" data-id=\"361\" src=\"https:\/\/vidaillet-paysagiste.com\/wp-content\/uploads\/2026\/02\/unnamed-1-1-576x1024.jpg\" alt=\"\" class=\"wp-image-361\" srcset=\"https:\/\/vidaillet-paysagiste.com\/wp-content\/uploads\/2026\/02\/unnamed-1-1-576x1024.jpg 576w, https:\/\/vidaillet-paysagiste.com\/wp-content\/uploads\/2026\/02\/unnamed-1-1-169x300.jpg 169w, https:\/\/vidaillet-paysagiste.com\/wp-content\/uploads\/2026\/02\/unnamed-1-1-768x1365.jpg 768w, https:\/\/vidaillet-paysagiste.com\/wp-content\/uploads\/2026\/02\/unnamed-1-1-864x1536.jpg 864w, https:\/\/vidaillet-paysagiste.com\/wp-content\/uploads\/2026\/02\/unnamed-1-1.jpg 900w\" sizes=\"auto, (max-width: 576px) 100vw, 576px\" \/><\/figure>\n<\/figure>\n\n\n\n<figure class=\"wp-block-image size-large\"><img loading=\"lazy\" decoding=\"async\" width=\"1024\" height=\"576\" src=\"https:\/\/vidaillet-paysagiste.com\/wp-content\/uploads\/2026\/02\/unnamed-3-1024x576.jpg\" alt=\"\" class=\"wp-image-362\" srcset=\"https:\/\/vidaillet-paysagiste.com\/wp-content\/uploads\/2026\/02\/unnamed-3-1024x576.jpg 1024w, https:\/\/vidaillet-paysagiste.com\/wp-content\/uploads\/2026\/02\/unnamed-3-300x169.jpg 300w, https:\/\/vidaillet-paysagiste.com\/wp-content\/uploads\/2026\/02\/unnamed-3-768x432.jpg 768w, https:\/\/vidaillet-paysagiste.com\/wp-content\/uploads\/2026\/02\/unnamed-3-1536x864.jpg 1536w, https:\/\/vidaillet-paysagiste.com\/wp-content\/uploads\/2026\/02\/unnamed-3.jpg 1600w\" sizes=\"auto, (max-width: 767px) 89vw, (max-width: 1000px) 54vw, (max-width: 1071px) 543px, 580px\" \/><\/figure>\n\n\n\n<p><\/p>\n","protected":false},"excerpt":{"rendered":"<p>DESCRIPTION DU PRODUIT Type de fibres: Le fil fris\u00e9 ou textur\u00e9, donne son ressort naturel au gazon artificiel.&nbsp; Ce qui rend le produit encore plus r\u00e9aliste, c\u2019est qu\u2019il est compos\u00e9 de brins multidirectionnels. Ces brins vrillent et peuvent s\u2019entortiller sur eux-m\u00eames, comme le font de vrais brins d\u2019herbe naturelle. C\u2019est pourquoi ce produit s\u2019oriente indiff\u00e9remment &hellip; <\/p>\n<p class=\"link-more\"><a href=\"https:\/\/vidaillet-paysagiste.com\/index.php\/nos-realisations-2\/gazon-synthetique\/\" class=\"more-link\">Continuer la lecture<span class=\"screen-reader-text\"> de &laquo;&nbsp;Gazon synth\u00e9tique&nbsp;&raquo;<\/span><\/a><\/p>\n","protected":false},"author":1,"featured_media":0,"parent":114,"menu_order":0,"comment_status":"closed","ping_status":"closed","template":"","meta":{"footnotes":""},"class_list":["post-263","page","type-page","status-publish","hentry"],"_links":{"self":[{"href":"https:\/\/vidaillet-paysagiste.com\/index.php\/wp-json\/wp\/v2\/pages\/263","targetHints":{"allow":["GET"]}}],"collection":[{"href":"https:\/\/vidaillet-paysagiste.com\/index.php\/wp-json\/wp\/v2\/pages"}],"about":[{"href":"https:\/\/vidaillet-paysagiste.com\/index.php\/wp-json\/wp\/v2\/types\/page"}],"author":[{"embeddable":true,"href":"https:\/\/vidaillet-paysagiste.com\/index.php\/wp-json\/wp\/v2\/users\/1"}],"replies":[{"embeddable":true,"href":"https:\/\/vidaillet-paysagiste.com\/index.php\/wp-json\/wp\/v2\/comments?post=263"}],"version-history":[{"count":19,"href":"https:\/\/vidaillet-paysagiste.com\/index.php\/wp-json\/wp\/v2\/pages\/263\/revisions"}],"predecessor-version":[{"id":374,"href":"https:\/\/vidaillet-paysagiste.com\/index.php\/wp-json\/wp\/v2\/pages\/263\/revisions\/374"}],"up":[{"embeddable":true,"href":"https:\/\/vidaillet-paysagiste.com\/index.php\/wp-json\/wp\/v2\/pages\/114"}],"wp:attachment":[{"href":"https:\/\/vidaillet-paysagiste.com\/index.php\/wp-json\/wp\/v2\/media?parent=263"}],"curies":[{"name":"wp","href":"https:\/\/api.w.org\/{rel}","templated":true}]}}