{"id":261,"date":"2026-02-25T12:07:30","date_gmt":"2026-02-25T11:07:30","guid":{"rendered":"https:\/\/vidaillet-paysagiste.com\/?page_id=261"},"modified":"2026-02-26T09:47:46","modified_gmt":"2026-02-26T08:47:46","slug":"voliges-en-acier-corten","status":"publish","type":"page","link":"https:\/\/vidaillet-paysagiste.com\/index.php\/nos-realisations-2\/voliges-en-acier-corten\/","title":{"rendered":"Voliges en acier corten"},"content":{"rendered":"\n<figure class=\"wp-block-image size-large\"><img loading=\"lazy\" decoding=\"async\" width=\"2560\" height=\"1245\" src=\"https:\/\/vidaillet-paysagiste.com\/wp-content\/uploads\/2026\/02\/20240506_095957-edited-scaled.jpg\" alt=\"\" class=\"wp-image-320\" srcset=\"https:\/\/vidaillet-paysagiste.com\/wp-content\/uploads\/2026\/02\/20240506_095957-edited-scaled.jpg 2560w, https:\/\/vidaillet-paysagiste.com\/wp-content\/uploads\/2026\/02\/20240506_095957-edited-300x146.jpg 300w, https:\/\/vidaillet-paysagiste.com\/wp-content\/uploads\/2026\/02\/20240506_095957-edited-1024x498.jpg 1024w, https:\/\/vidaillet-paysagiste.com\/wp-content\/uploads\/2026\/02\/20240506_095957-edited-768x373.jpg 768w, https:\/\/vidaillet-paysagiste.com\/wp-content\/uploads\/2026\/02\/20240506_095957-edited-1536x747.jpg 1536w, https:\/\/vidaillet-paysagiste.com\/wp-content\/uploads\/2026\/02\/20240506_095957-edited-2048x996.jpg 2048w\" sizes=\"auto, (max-width: 767px) 89vw, (max-width: 1000px) 54vw, (max-width: 1071px) 543px, 580px\" \/><\/figure>\n\n\n\n<p><\/p>\n\n\n\n<p>I \u2013 COMPOSITION MATI\u00c8RE VOLIGE ACIER \u00ab CORTEN \u00bb AUTO PATINANT<\/p>\n\n\n\n<p>a) Alliage de fer avec composition chimique acier<\/p>\n\n\n\n<p>b) Aspect m\u00e9tallique mat, couleur fer brut.<\/p>\n\n\n\n<p>c) Bonne r\u00e9sistance \u00e0 la corrosion due \u00e0 la formation d\u2019une couche superficielle imperm\u00e9able et assez<\/p>\n\n\n\n<p>passive, ayant une bonne adh\u00e9rence. Elle prot\u00e8ge ainsi le c\u0153ur de la mati\u00e8re contre la corrosion.<\/p>\n\n\n\n<p>d) Bonne r\u00e9sistance m\u00e9canique. Caract\u00e9ristique m\u00e9canique correspondant aux aciers S355J2G3.<\/p>\n\n\n\n<p>e) Facilit\u00e9 de recyclage.<\/p>\n\n\n\n<figure class=\"wp-block-image size-large\"><img loading=\"lazy\" decoding=\"async\" width=\"2016\" height=\"980\" src=\"https:\/\/vidaillet-paysagiste.com\/wp-content\/uploads\/2026\/02\/20240625_083550-edited.jpg\" alt=\"\" class=\"wp-image-322\" srcset=\"https:\/\/vidaillet-paysagiste.com\/wp-content\/uploads\/2026\/02\/20240625_083550-edited.jpg 2016w, https:\/\/vidaillet-paysagiste.com\/wp-content\/uploads\/2026\/02\/20240625_083550-edited-300x146.jpg 300w, https:\/\/vidaillet-paysagiste.com\/wp-content\/uploads\/2026\/02\/20240625_083550-edited-1024x498.jpg 1024w, https:\/\/vidaillet-paysagiste.com\/wp-content\/uploads\/2026\/02\/20240625_083550-edited-768x373.jpg 768w, https:\/\/vidaillet-paysagiste.com\/wp-content\/uploads\/2026\/02\/20240625_083550-edited-1536x747.jpg 1536w\" sizes=\"auto, (max-width: 767px) 89vw, (max-width: 1000px) 54vw, (max-width: 1071px) 543px, 580px\" \/><\/figure>\n\n\n\n<p>II \u2013 DIMENSIONS<\/p>\n\n\n\n<p>Volige Longueur &#8230;&#8230;&#8230;&#8230;&#8230;&#8230;&#8230;&#8230;&#8230;&#8230;&#8230;&#8230;&#8230;. 1900mm<\/p>\n\n\n\n<p>Hauteur &#8230;&#8230;&#8230;&#8230;&#8230;&#8230;&#8230;&#8230;&#8230;&#8230;&#8230;&#8230;&#8230;&#8230; 150mm<\/p>\n\n\n\n<p>\u00c9paisseur &#8230;&#8230;&#8230;&#8230;&#8230;&#8230;&#8230;&#8230;&#8230;&#8230;&#8230;&#8230;&#8230; 1,5mm<\/p>\n\n\n\n<p>Angle de pliage mini inter &#8230;&#8230;. 30\u00b0<\/p>\n\n\n\n<p>Rayon de pliage mini &#8230;&#8230;&#8230;&#8230;&#8230;&#8230; R = 6<\/p>\n\n\n\n<p>III \u2013 PIEUX DE FIXATION PLAT ACIER \u00ab CORTEN \u00bb<\/p>\n\n\n\n<p>Longueur &#8230;&#8230;&#8230;&#8230;&#8230;&#8230;&#8230;&#8230;&#8230;&#8230;&#8230;&#8230;. 390mm<\/p>\n\n\n\n<p>Largeur (au plus haut) &#8230;&#8230;&#8230;. 37mm<\/p>\n\n\n\n<p>\u00c9paisseur &#8230;&#8230;&#8230;&#8230;&#8230;&#8230;&#8230;&#8230;&#8230;&#8230;&#8230;.. 3mm<\/p>\n\n\n\n<figure class=\"wp-block-image size-large\"><img loading=\"lazy\" decoding=\"async\" width=\"1024\" height=\"498\" src=\"https:\/\/vidaillet-paysagiste.com\/wp-content\/uploads\/2026\/02\/20230626_111641-1024x498.jpg\" alt=\"\" class=\"wp-image-325\" srcset=\"https:\/\/vidaillet-paysagiste.com\/wp-content\/uploads\/2026\/02\/20230626_111641-1024x498.jpg 1024w, https:\/\/vidaillet-paysagiste.com\/wp-content\/uploads\/2026\/02\/20230626_111641-300x146.jpg 300w, https:\/\/vidaillet-paysagiste.com\/wp-content\/uploads\/2026\/02\/20230626_111641-768x373.jpg 768w, https:\/\/vidaillet-paysagiste.com\/wp-content\/uploads\/2026\/02\/20230626_111641-1536x747.jpg 1536w, https:\/\/vidaillet-paysagiste.com\/wp-content\/uploads\/2026\/02\/20230626_111641-2048x996.jpg 2048w\" sizes=\"auto, (max-width: 767px) 89vw, (max-width: 1000px) 54vw, (max-width: 1071px) 543px, 580px\" \/><\/figure>\n\n\n\n<p>IV \u2013 PRINCIPE DE POSE<\/p>\n\n\n\n<p>Pose de gauche \u00e0 droite en continu avec jonction effectu\u00e9e par 1 pieu de fixation. Enfoncement<\/p>\n\n\n\n<p>possible avec cale interm\u00e9diaire de protection dans les sols souples. La partie visible de la volige doit<\/p>\n\n\n\n<p>\u00eatre inf\u00e9rieure au 1\/5\u00e8me de sa hauteur totale.<\/p>\n\n\n<div class=\"wp-block-image\">\n<figure class=\"alignright size-full is-resized\"><img loading=\"lazy\" decoding=\"async\" width=\"446\" height=\"376\" src=\"https:\/\/vidaillet-paysagiste.com\/wp-content\/uploads\/2026\/02\/Capture-decran-2023-10-31-150002.png\" alt=\"\" class=\"wp-image-327\" style=\"width:221px;height:auto\" srcset=\"https:\/\/vidaillet-paysagiste.com\/wp-content\/uploads\/2026\/02\/Capture-decran-2023-10-31-150002.png 446w, https:\/\/vidaillet-paysagiste.com\/wp-content\/uploads\/2026\/02\/Capture-decran-2023-10-31-150002-300x253.png 300w\" sizes=\"auto, (max-width: 446px) 100vw, 446px\" \/><\/figure>\n<\/div>","protected":false},"excerpt":{"rendered":"<p>I \u2013 COMPOSITION MATI\u00c8RE VOLIGE ACIER \u00ab CORTEN \u00bb AUTO PATINANT a) Alliage de fer avec composition chimique acier b) Aspect m\u00e9tallique mat, couleur fer brut. c) Bonne r\u00e9sistance \u00e0 la corrosion due \u00e0 la formation d\u2019une couche superficielle imperm\u00e9able et assez passive, ayant une bonne adh\u00e9rence. Elle prot\u00e8ge ainsi le c\u0153ur de la mati\u00e8re &hellip; <\/p>\n<p class=\"link-more\"><a href=\"https:\/\/vidaillet-paysagiste.com\/index.php\/nos-realisations-2\/voliges-en-acier-corten\/\" class=\"more-link\">Continuer la lecture<span class=\"screen-reader-text\"> de &laquo;&nbsp;Voliges en acier corten&nbsp;&raquo;<\/span><\/a><\/p>\n","protected":false},"author":1,"featured_media":0,"parent":114,"menu_order":0,"comment_status":"closed","ping_status":"closed","template":"","meta":{"footnotes":""},"class_list":["post-261","page","type-page","status-publish","hentry"],"_links":{"self":[{"href":"https:\/\/vidaillet-paysagiste.com\/index.php\/wp-json\/wp\/v2\/pages\/261","targetHints":{"allow":["GET"]}}],"collection":[{"href":"https:\/\/vidaillet-paysagiste.com\/index.php\/wp-json\/wp\/v2\/pages"}],"about":[{"href":"https:\/\/vidaillet-paysagiste.com\/index.php\/wp-json\/wp\/v2\/types\/page"}],"author":[{"embeddable":true,"href":"https:\/\/vidaillet-paysagiste.com\/index.php\/wp-json\/wp\/v2\/users\/1"}],"replies":[{"embeddable":true,"href":"https:\/\/vidaillet-paysagiste.com\/index.php\/wp-json\/wp\/v2\/comments?post=261"}],"version-history":[{"count":4,"href":"https:\/\/vidaillet-paysagiste.com\/index.php\/wp-json\/wp\/v2\/pages\/261\/revisions"}],"predecessor-version":[{"id":379,"href":"https:\/\/vidaillet-paysagiste.com\/index.php\/wp-json\/wp\/v2\/pages\/261\/revisions\/379"}],"up":[{"embeddable":true,"href":"https:\/\/vidaillet-paysagiste.com\/index.php\/wp-json\/wp\/v2\/pages\/114"}],"wp:attachment":[{"href":"https:\/\/vidaillet-paysagiste.com\/index.php\/wp-json\/wp\/v2\/media?parent=261"}],"curies":[{"name":"wp","href":"https:\/\/api.w.org\/{rel}","templated":true}]}}