{"id":259,"date":"2026-02-25T12:06:55","date_gmt":"2026-02-25T11:06:55","guid":{"rendered":"https:\/\/vidaillet-paysagiste.com\/?page_id=259"},"modified":"2026-02-26T09:47:23","modified_gmt":"2026-02-26T08:47:23","slug":"fascines-en-acier-corten","status":"publish","type":"page","link":"https:\/\/vidaillet-paysagiste.com\/index.php\/nos-realisations-2\/fascines-en-acier-corten\/","title":{"rendered":"Fascines en acier corten"},"content":{"rendered":"\n<figure class=\"wp-block-image size-large\"><img loading=\"lazy\" decoding=\"async\" width=\"1024\" height=\"473\" src=\"https:\/\/vidaillet-paysagiste.com\/wp-content\/uploads\/2026\/02\/couv-prestations-1024x473.jpg\" alt=\"\" class=\"wp-image-235\" srcset=\"https:\/\/vidaillet-paysagiste.com\/wp-content\/uploads\/2026\/02\/couv-prestations-1024x473.jpg 1024w, https:\/\/vidaillet-paysagiste.com\/wp-content\/uploads\/2026\/02\/couv-prestations-300x139.jpg 300w, https:\/\/vidaillet-paysagiste.com\/wp-content\/uploads\/2026\/02\/couv-prestations-768x355.jpg 768w, https:\/\/vidaillet-paysagiste.com\/wp-content\/uploads\/2026\/02\/couv-prestations-1536x710.jpg 1536w, https:\/\/vidaillet-paysagiste.com\/wp-content\/uploads\/2026\/02\/couv-prestations-2048x946.jpg 2048w\" sizes=\"auto, (max-width: 767px) 89vw, (max-width: 1000px) 54vw, (max-width: 1071px) 543px, 580px\" \/><\/figure>\n\n\n\n<p><strong>INT\u00c9R\u00caT<\/strong><\/p>\n\n\n\n<p>La pose de fascines en acier corten sur un terrain en pente ou escarpement peut avoir de nombreux int\u00e9r\u00eats:<\/p>\n\n\n\n<ul class=\"wp-block-list\">\n<li>Maintenir la terre et \u00e9viter l\u2019\u00e9rosion<\/li>\n\n\n\n<li>Cr\u00e9er un espace de terre fertile pour les plantations&nbsp;<\/li>\n\n\n\n<li>Avoir un aspect d\u00e9coratif moderne et structurer le jardin<\/li>\n<\/ul>\n\n\n\n<figure class=\"wp-block-gallery has-nested-images columns-default is-cropped wp-block-gallery-1 is-layout-flex wp-block-gallery-is-layout-flex\">\n<figure class=\"wp-block-image size-large\"><img loading=\"lazy\" decoding=\"async\" width=\"1024\" height=\"473\" data-id=\"316\" src=\"https:\/\/vidaillet-paysagiste.com\/wp-content\/uploads\/2026\/02\/20250613_114512-1024x473.jpg\" alt=\"\" class=\"wp-image-316\" srcset=\"https:\/\/vidaillet-paysagiste.com\/wp-content\/uploads\/2026\/02\/20250613_114512-1024x473.jpg 1024w, https:\/\/vidaillet-paysagiste.com\/wp-content\/uploads\/2026\/02\/20250613_114512-300x139.jpg 300w, https:\/\/vidaillet-paysagiste.com\/wp-content\/uploads\/2026\/02\/20250613_114512-768x355.jpg 768w, https:\/\/vidaillet-paysagiste.com\/wp-content\/uploads\/2026\/02\/20250613_114512-1536x710.jpg 1536w, https:\/\/vidaillet-paysagiste.com\/wp-content\/uploads\/2026\/02\/20250613_114512-2048x946.jpg 2048w\" sizes=\"auto, (max-width: 767px) 89vw, (max-width: 1000px) 54vw, (max-width: 1071px) 543px, 580px\" \/><\/figure>\n<\/figure>\n\n\n\n<p><strong>DESCRIPTION<\/strong><\/p>\n\n\n\n<p>I \u2013 COMPOSITION MATI\u00c8RE LAMES&nbsp; ACIER \u00ab CORTEN \u00bb AUTO PATINANT<\/p>\n\n\n\n<ul class=\"wp-block-list\">\n<li>Acier Corten de type \u00ab A \u00bb (il s\u2019agit de la qualit\u00e9 de Corten la plus \u00e9lev\u00e9e)<\/li>\n\n\n\n<li>Aspect m\u00e9tallique mat, couleur fer brut.<\/li>\n\n\n\n<li>Bonne r\u00e9sistance \u00e0 la corrosion due \u00e0 la formation d\u2019une couche superficielle imperm\u00e9able et assez passive, ayant une bonne adh\u00e9rence. Elle prot\u00e8ge ainsi le c\u0153ur de la mati\u00e8re contre la corrosion.<\/li>\n\n\n\n<li>Bonne r\u00e9sistance m\u00e9canique. Caract\u00e9ristique m\u00e9canique correspondant aux aciers S355J2G3.<\/li>\n\n\n\n<li>Facilit\u00e9 de recyclage.<\/li>\n<\/ul>\n\n\n\n<p>II \u2013 DIMENSIONS DES LAMES (voir sch\u00e9ma)<\/p>\n\n\n\n<p>Longueur &#8230;&#8230;&#8230;&#8230;&#8230;&#8230;&#8230;&#8230;&#8230;&#8230;&#8230;&#8230;&#8230;. 2500mm<\/p>\n\n\n\n<p>Hauteur &#8230;&#8230;&#8230;&#8230;&#8230;&#8230;&#8230;&#8230;&#8230;&#8230;&#8230;&#8230;&#8230;&#8230; 40mm<\/p>\n\n\n\n<p>\u00c9paisseur &#8230;&#8230;&#8230;&#8230;&#8230;&#8230;&#8230;&#8230;&#8230;&#8230;&#8230;&#8230;&#8230; 1,5mm<\/p>\n\n\n\n<p>III \u2013 PRINCIPE DE POSE<\/p>\n\n\n\n<figure class=\"wp-block-image size-large\"><img loading=\"lazy\" decoding=\"async\" width=\"977\" height=\"427\" src=\"https:\/\/vidaillet-paysagiste.com\/wp-content\/uploads\/2026\/02\/Capture-decran-2025-10-09-123419.jpg\" alt=\"\" class=\"wp-image-315\" srcset=\"https:\/\/vidaillet-paysagiste.com\/wp-content\/uploads\/2026\/02\/Capture-decran-2025-10-09-123419.jpg 977w, https:\/\/vidaillet-paysagiste.com\/wp-content\/uploads\/2026\/02\/Capture-decran-2025-10-09-123419-300x131.jpg 300w, https:\/\/vidaillet-paysagiste.com\/wp-content\/uploads\/2026\/02\/Capture-decran-2025-10-09-123419-768x336.jpg 768w\" sizes=\"auto, (max-width: 767px) 89vw, (max-width: 1000px) 54vw, (max-width: 1071px) 543px, 580px\" \/><\/figure>\n\n\n\n<p>Les piquets fers \u00e0 b\u00e9ton sont plant\u00e9s tous les 27 \u00e0 30cm.<\/p>\n\n\n\n<p>Les plessis sont pliables, courbables, re-coupables (chutes utilisables = pas de perte)<\/p>\n\n\n\n<p>Les lames doivent se recouvrir de 25 \u00e0 30 cm aux extr\u00e9mit\u00e9s pour \u00eatre correctement maintenues et \u00e9viter les extr\u00e9mit\u00e9s de lames saillantes vers l\u2019ext\u00e9rieur. Il est conseill\u00e9 de conserver les longueurs pour que les extr\u00e9mit\u00e9s de lames ne tombent pas face \u00e0 face (calepinage).<\/p>\n\n\n<div class=\"wp-block-image\">\n<figure class=\"alignright size-full is-resized\"><img loading=\"lazy\" decoding=\"async\" width=\"446\" height=\"376\" src=\"https:\/\/vidaillet-paysagiste.com\/wp-content\/uploads\/2026\/02\/Capture-decran-2023-10-31-150002.png\" alt=\"\" class=\"wp-image-327\" style=\"width:190px;height:auto\" srcset=\"https:\/\/vidaillet-paysagiste.com\/wp-content\/uploads\/2026\/02\/Capture-decran-2023-10-31-150002.png 446w, https:\/\/vidaillet-paysagiste.com\/wp-content\/uploads\/2026\/02\/Capture-decran-2023-10-31-150002-300x253.png 300w\" sizes=\"auto, (max-width: 446px) 100vw, 446px\" \/><\/figure>\n<\/div>\n\n\n<p><\/p>\n","protected":false},"excerpt":{"rendered":"<p>INT\u00c9R\u00caT La pose de fascines en acier corten sur un terrain en pente ou escarpement peut avoir de nombreux int\u00e9r\u00eats: DESCRIPTION I \u2013 COMPOSITION MATI\u00c8RE LAMES&nbsp; ACIER \u00ab CORTEN \u00bb AUTO PATINANT II \u2013 DIMENSIONS DES LAMES (voir sch\u00e9ma) Longueur &#8230;&#8230;&#8230;&#8230;&#8230;&#8230;&#8230;&#8230;&#8230;&#8230;&#8230;&#8230;&#8230;. 2500mm Hauteur &#8230;&#8230;&#8230;&#8230;&#8230;&#8230;&#8230;&#8230;&#8230;&#8230;&#8230;&#8230;&#8230;&#8230; 40mm \u00c9paisseur &#8230;&#8230;&#8230;&#8230;&#8230;&#8230;&#8230;&#8230;&#8230;&#8230;&#8230;&#8230;&#8230; 1,5mm III \u2013 PRINCIPE DE POSE Les piquets &hellip; <\/p>\n<p class=\"link-more\"><a href=\"https:\/\/vidaillet-paysagiste.com\/index.php\/nos-realisations-2\/fascines-en-acier-corten\/\" class=\"more-link\">Continuer la lecture<span class=\"screen-reader-text\"> de &laquo;&nbsp;Fascines en acier corten&nbsp;&raquo;<\/span><\/a><\/p>\n","protected":false},"author":1,"featured_media":0,"parent":114,"menu_order":0,"comment_status":"closed","ping_status":"closed","template":"","meta":{"footnotes":""},"class_list":["post-259","page","type-page","status-publish","hentry"],"_links":{"self":[{"href":"https:\/\/vidaillet-paysagiste.com\/index.php\/wp-json\/wp\/v2\/pages\/259","targetHints":{"allow":["GET"]}}],"collection":[{"href":"https:\/\/vidaillet-paysagiste.com\/index.php\/wp-json\/wp\/v2\/pages"}],"about":[{"href":"https:\/\/vidaillet-paysagiste.com\/index.php\/wp-json\/wp\/v2\/types\/page"}],"author":[{"embeddable":true,"href":"https:\/\/vidaillet-paysagiste.com\/index.php\/wp-json\/wp\/v2\/users\/1"}],"replies":[{"embeddable":true,"href":"https:\/\/vidaillet-paysagiste.com\/index.php\/wp-json\/wp\/v2\/comments?post=259"}],"version-history":[{"count":4,"href":"https:\/\/vidaillet-paysagiste.com\/index.php\/wp-json\/wp\/v2\/pages\/259\/revisions"}],"predecessor-version":[{"id":378,"href":"https:\/\/vidaillet-paysagiste.com\/index.php\/wp-json\/wp\/v2\/pages\/259\/revisions\/378"}],"up":[{"embeddable":true,"href":"https:\/\/vidaillet-paysagiste.com\/index.php\/wp-json\/wp\/v2\/pages\/114"}],"wp:attachment":[{"href":"https:\/\/vidaillet-paysagiste.com\/index.php\/wp-json\/wp\/v2\/media?parent=259"}],"curies":[{"name":"wp","href":"https:\/\/api.w.org\/{rel}","templated":true}]}}