{"id":253,"date":"2026-02-25T12:04:41","date_gmt":"2026-02-25T11:04:41","guid":{"rendered":"https:\/\/vidaillet-paysagiste.com\/?page_id=253"},"modified":"2026-02-26T09:38:22","modified_gmt":"2026-02-26T08:38:22","slug":"centrale-dirrigation","status":"publish","type":"page","link":"https:\/\/vidaillet-paysagiste.com\/index.php\/nos-realisations-2\/centrale-dirrigation\/","title":{"rendered":"Centrale d&rsquo;irrigation"},"content":{"rendered":"<div class=\"wp-block-image\">\n<figure class=\"aligncenter size-large\"><img loading=\"lazy\" decoding=\"async\" width=\"724\" height=\"1024\" src=\"https:\/\/vidaillet-paysagiste.com\/wp-content\/uploads\/2026\/02\/Centrale-regard-PVC-fond-sombre-724x1024.jpg\" alt=\"\" class=\"wp-image-375\" srcset=\"https:\/\/vidaillet-paysagiste.com\/wp-content\/uploads\/2026\/02\/Centrale-regard-PVC-fond-sombre-724x1024.jpg 724w, https:\/\/vidaillet-paysagiste.com\/wp-content\/uploads\/2026\/02\/Centrale-regard-PVC-fond-sombre-212x300.jpg 212w, https:\/\/vidaillet-paysagiste.com\/wp-content\/uploads\/2026\/02\/Centrale-regard-PVC-fond-sombre-768x1086.jpg 768w, https:\/\/vidaillet-paysagiste.com\/wp-content\/uploads\/2026\/02\/Centrale-regard-PVC-fond-sombre-1086x1536.jpg 1086w, https:\/\/vidaillet-paysagiste.com\/wp-content\/uploads\/2026\/02\/Centrale-regard-PVC-fond-sombre-1448x2048.jpg 1448w, https:\/\/vidaillet-paysagiste.com\/wp-content\/uploads\/2026\/02\/Centrale-regard-PVC-fond-sombre-scaled.jpg 1810w\" sizes=\"auto, (max-width: 724px) 100vw, 724px\" \/><\/figure>\n<\/div>\n\n\n<p><strong>DESCRIPTION<\/strong><\/p>\n\n\n\n<p>Pour alimenter un jardin en eau, nous faisons le choix mettre en place une centrale d\u2019irrigation dans un regard pvc enterr\u00e9, aliment\u00e9e par un programmateur \u00e0 piles 9 volts. Cependant, selon la configuration des lieux il est possible de la fixer sur un mur, ou sur demande du client d\u2019installer un syst\u00e8me branch\u00e9 sur secteur.&nbsp;<\/p>\n\n\n\n<p><strong>AVANTAGES<\/strong><\/p>\n\n\n\n<p>Esth\u00e9tique:&nbsp;<\/p>\n\n\n\n<p>Un regard pvc enterr\u00e9 s\u2019int\u00e8gre sans probl\u00e8me dans le paysage. Seule une trappe verte est apparente au niveau du sol, et au besoin il est facile de la masquer avec de la v\u00e9g\u00e9tation ou autre.&nbsp;<\/p>\n\n\n\n<p>Facilit\u00e9 d\u2019installation:<\/p>\n\n\n\n<p>Nous pouvons concevoir l\u2019int\u00e9gralit\u00e9 de la centrale dans notre atelier pour n\u2019avoir plus qu\u2019\u00e0 la mettre en place dans votre jardin.&nbsp;<\/p>\n\n\n\n<p>Ce type d\u2019installation peut se brancher sur n\u2019importe quelle conduite d\u2019eau et o\u00f9 on le d\u00e9sire dans le jardin.&nbsp;<\/p>\n\n\n\n<p>Il n\u2019est pas utile de passer les tuyaux \u00e0 travers une cloison comme pour une installation dans un local par exemple.&nbsp;<\/p>\n\n\n\n<p>Facilit\u00e9 d\u2019entretien:<\/p>\n\n\n\n<p>Les personnes qui seront par la suite amen\u00e9es \u00e0 intervenir sur le syst\u00e8me d\u2019arrosage auront un acc\u00e8s facile, sans avoir besoin d\u2019acc\u00e8s \u00e0 un local souvent ferm\u00e9 \u00e0 cl\u00e9.&nbsp;<\/p>\n\n\n\n<p>P\u00e9rennit\u00e9:<br>La fixation sur une plaque de b\u00e9ton cellulaire \u2018Ytong\u2019 r\u00e9duit l\u2019encrassement de l\u2019installation ainsi que l\u2019oxydation.&nbsp;&nbsp;<\/p>\n\n\n\n<p>Les \u00e9l\u00e9ments que nous utilisons pour r\u00e9aliser le montage sont les plus performants que nous ayons pu trouver sur le march\u00e9 et les plus adapt\u00e9s.&nbsp;<\/p>\n\n\n\n<p>I<strong>NFOS PRATIQUES<\/strong><\/p>\n\n\n\n<p>Les \u00e9lectrovannes utilis\u00e9es permettent de r\u00e9guler le d\u00e9bit de chaque r\u00e9seau ind\u00e9pendamment, de mani\u00e8re \u00e0 pouvoir r\u00e9partir plus uniform\u00e9ment l\u2019apport d\u2019eau dans les diff\u00e9rentes zones \u00e0 irriguer.<\/p>\n\n\n\n<p><\/p>\n","protected":false},"excerpt":{"rendered":"<p>DESCRIPTION Pour alimenter un jardin en eau, nous faisons le choix mettre en place une centrale d\u2019irrigation dans un regard pvc enterr\u00e9, aliment\u00e9e par un programmateur \u00e0 piles 9 volts. Cependant, selon la configuration des lieux il est possible de la fixer sur un mur, ou sur demande du client d\u2019installer un syst\u00e8me branch\u00e9 sur &hellip; <\/p>\n<p class=\"link-more\"><a href=\"https:\/\/vidaillet-paysagiste.com\/index.php\/nos-realisations-2\/centrale-dirrigation\/\" class=\"more-link\">Continuer la lecture<span class=\"screen-reader-text\"> de &laquo;&nbsp;Centrale d&rsquo;irrigation&nbsp;&raquo;<\/span><\/a><\/p>\n","protected":false},"author":1,"featured_media":0,"parent":114,"menu_order":0,"comment_status":"closed","ping_status":"closed","template":"","meta":{"footnotes":""},"class_list":["post-253","page","type-page","status-publish","hentry"],"_links":{"self":[{"href":"https:\/\/vidaillet-paysagiste.com\/index.php\/wp-json\/wp\/v2\/pages\/253","targetHints":{"allow":["GET"]}}],"collection":[{"href":"https:\/\/vidaillet-paysagiste.com\/index.php\/wp-json\/wp\/v2\/pages"}],"about":[{"href":"https:\/\/vidaillet-paysagiste.com\/index.php\/wp-json\/wp\/v2\/types\/page"}],"author":[{"embeddable":true,"href":"https:\/\/vidaillet-paysagiste.com\/index.php\/wp-json\/wp\/v2\/users\/1"}],"replies":[{"embeddable":true,"href":"https:\/\/vidaillet-paysagiste.com\/index.php\/wp-json\/wp\/v2\/comments?post=253"}],"version-history":[{"count":4,"href":"https:\/\/vidaillet-paysagiste.com\/index.php\/wp-json\/wp\/v2\/pages\/253\/revisions"}],"predecessor-version":[{"id":377,"href":"https:\/\/vidaillet-paysagiste.com\/index.php\/wp-json\/wp\/v2\/pages\/253\/revisions\/377"}],"up":[{"embeddable":true,"href":"https:\/\/vidaillet-paysagiste.com\/index.php\/wp-json\/wp\/v2\/pages\/114"}],"wp:attachment":[{"href":"https:\/\/vidaillet-paysagiste.com\/index.php\/wp-json\/wp\/v2\/media?parent=253"}],"curies":[{"name":"wp","href":"https:\/\/api.w.org\/{rel}","templated":true}]}}