{"id":250,"date":"2026-02-25T11:56:41","date_gmt":"2026-02-25T10:56:41","guid":{"rendered":"https:\/\/vidaillet-paysagiste.com\/?page_id=250"},"modified":"2026-02-25T12:38:50","modified_gmt":"2026-02-25T11:38:50","slug":"terrain-de-petanque","status":"publish","type":"page","link":"https:\/\/vidaillet-paysagiste.com\/index.php\/nos-realisations-2\/terrain-de-petanque\/","title":{"rendered":"Terrain de p\u00e9tanque"},"content":{"rendered":"\n<figure class=\"wp-block-image size-large\"><img loading=\"lazy\" decoding=\"async\" width=\"992\" height=\"1024\" src=\"https:\/\/vidaillet-paysagiste.com\/wp-content\/uploads\/2026\/02\/20210427_090311-992x1024.jpg\" alt=\"\" class=\"wp-image-287\" srcset=\"https:\/\/vidaillet-paysagiste.com\/wp-content\/uploads\/2026\/02\/20210427_090311-992x1024.jpg 992w, https:\/\/vidaillet-paysagiste.com\/wp-content\/uploads\/2026\/02\/20210427_090311-291x300.jpg 291w, https:\/\/vidaillet-paysagiste.com\/wp-content\/uploads\/2026\/02\/20210427_090311-768x793.jpg 768w, https:\/\/vidaillet-paysagiste.com\/wp-content\/uploads\/2026\/02\/20210427_090311-1488x1536.jpg 1488w, https:\/\/vidaillet-paysagiste.com\/wp-content\/uploads\/2026\/02\/20210427_090311-1984x2048.jpg 1984w\" sizes=\"auto, (max-width: 767px) 89vw, (max-width: 1000px) 54vw, (max-width: 1071px) 543px, 580px\" \/><\/figure>\n\n\n\n<p><strong>DESCRIPTION<\/strong><\/p>\n\n\n\n<p>COMPOSITION DU REV\u00caTEMENT<\/p>\n\n\n\n<p>Tuff compact\u00e9&nbsp;<\/p>\n\n\n\n<p>DIMENSIONS<\/p>\n\n\n\n<p>Les dimensions officielles d\u2019un terrain de p\u00e9tanque sont de 15 X 4 m. Cependant, il n\u2019y a pas vraiment de r\u00e8gle.&nbsp;<\/p>\n\n\n\n<p>Si un terrain de 10 x 3 m est id\u00e9al pour les boulistes amateurs, il peut n\u00e9anmoins \u00eatre plus petit. Une surface de 8 m x 3 m peut suffire, mais il s\u2019agit l\u00e0 du minimum.<\/p>\n\n\n\n<p>TRAVERSES PAYSAG\u00c8RES EN CH\u00caNE (pos\u00e9e au sol)<\/p>\n\n\n\n<p>Longueur &#8230;&#8230;&#8230;&#8230;&#8230;&#8230;&#8230;&#8230;2500mm<\/p>\n\n\n\n<p>\u00c9paisseur &#8230;&#8230;&#8230;&#8230;&#8230;&#8230;&#8230;.. 100mm<\/p>\n\n\n\n<p>Hauteur &#8230;&#8230;&#8230;&#8230;&#8230;&#8230;&#8230;&#8230;&#8230;.200mm<\/p>\n\n\n\n<figure class=\"wp-block-image size-large\"><img loading=\"lazy\" decoding=\"async\" width=\"1024\" height=\"576\" src=\"https:\/\/vidaillet-paysagiste.com\/wp-content\/uploads\/2026\/02\/20210219_095947-1024x576.jpg\" alt=\"\" class=\"wp-image-288\" srcset=\"https:\/\/vidaillet-paysagiste.com\/wp-content\/uploads\/2026\/02\/20210219_095947-1024x576.jpg 1024w, https:\/\/vidaillet-paysagiste.com\/wp-content\/uploads\/2026\/02\/20210219_095947-300x169.jpg 300w, https:\/\/vidaillet-paysagiste.com\/wp-content\/uploads\/2026\/02\/20210219_095947-768x432.jpg 768w, https:\/\/vidaillet-paysagiste.com\/wp-content\/uploads\/2026\/02\/20210219_095947-1536x864.jpg 1536w, https:\/\/vidaillet-paysagiste.com\/wp-content\/uploads\/2026\/02\/20210219_095947-2048x1152.jpg 2048w\" sizes=\"auto, (max-width: 767px) 89vw, (max-width: 1000px) 54vw, (max-width: 1071px) 543px, 580px\" \/><\/figure>\n\n\n\n<p><strong>PRINCIPE DE POSE<\/strong><\/p>\n\n\n\n<p>Piquetage pour rep\u00e9rer le p\u00e9rim\u00e8tre.<\/p>\n\n\n\n<p>D\u00e9caissement sur une quinzaine de centim\u00e8tres tout en nivelant approximativement.&nbsp;&nbsp;<\/p>\n\n\n\n<p>Apport de tuf au centre du terrain (une partie de cette mati\u00e8re servira \u00e0 niveler le pourtour du terrain sur lequel les traverses seront dispos\u00e9es).&nbsp;<\/p>\n\n\n\n<p>Deuxi\u00e8me piquetage plus pr\u00e9cis, d\u00e9terminant avec pr\u00e9cision les angles et alignements au cordeau.&nbsp;<\/p>\n\n\n\n<p>Mise \u00e0 niveau des traverses en ch\u00eane et fixation entre elles \u00e0 chaque angle gr\u00e2ce \u00e0 des tirefond en acier galvanis\u00e9.&nbsp;<\/p>\n\n\n\n<p>Fixation au sol gr\u00e2ce avec des fers \u00e0 b\u00e9ton de 12 cm de diam\u00e8tre, ins\u00e9r\u00e9s au milieu des traverses de mani\u00e8re \u00e0 ne pas \u00eatre dangereux lors du passage. Ils sont plant\u00e9s dans le sol sur une trentaine de cm de profondeur et vont gagner en tenue dans le temps en s\u2019oxydant dans le terre, se liant \u00e0 celle-ci.&nbsp;<\/p>\n\n\n\n<p>Une fois les traverses fix\u00e9es, le tuff restant au milieu du terrain sera r\u00e9parti uniform\u00e9ment sur toute le surface, nivel\u00e9 et compact\u00e9 \u00e0 la plaque vibrante.<\/p>\n\n\n\n<div class=\"wp-block-columns is-layout-flex wp-container-core-columns-is-layout-9d6595d7 wp-block-columns-is-layout-flex\">\n<div class=\"wp-block-column is-layout-flow wp-block-column-is-layout-flow\" style=\"flex-basis:100%\">\n<figure class=\"wp-block-gallery has-nested-images columns-default is-cropped wp-block-gallery-1 is-layout-flex wp-block-gallery-is-layout-flex\">\n<figure class=\"wp-block-image size-large is-style-default\"><img loading=\"lazy\" decoding=\"async\" width=\"576\" height=\"1024\" data-id=\"289\" src=\"https:\/\/vidaillet-paysagiste.com\/wp-content\/uploads\/2026\/02\/20210218_111138-576x1024.jpg\" alt=\"\" class=\"wp-image-289\" srcset=\"https:\/\/vidaillet-paysagiste.com\/wp-content\/uploads\/2026\/02\/20210218_111138-576x1024.jpg 576w, https:\/\/vidaillet-paysagiste.com\/wp-content\/uploads\/2026\/02\/20210218_111138-169x300.jpg 169w, https:\/\/vidaillet-paysagiste.com\/wp-content\/uploads\/2026\/02\/20210218_111138-768x1365.jpg 768w, https:\/\/vidaillet-paysagiste.com\/wp-content\/uploads\/2026\/02\/20210218_111138-864x1536.jpg 864w, https:\/\/vidaillet-paysagiste.com\/wp-content\/uploads\/2026\/02\/20210218_111138-1152x2048.jpg 1152w, https:\/\/vidaillet-paysagiste.com\/wp-content\/uploads\/2026\/02\/20210218_111138-scaled.jpg 1440w\" sizes=\"auto, (max-width: 576px) 100vw, 576px\" \/><\/figure>\n\n\n\n<figure class=\"wp-block-image size-large\"><img loading=\"lazy\" decoding=\"async\" width=\"576\" height=\"1024\" data-id=\"290\" src=\"https:\/\/vidaillet-paysagiste.com\/wp-content\/uploads\/2026\/02\/20210218_111157-576x1024.jpg\" alt=\"\" class=\"wp-image-290\" srcset=\"https:\/\/vidaillet-paysagiste.com\/wp-content\/uploads\/2026\/02\/20210218_111157-576x1024.jpg 576w, https:\/\/vidaillet-paysagiste.com\/wp-content\/uploads\/2026\/02\/20210218_111157-169x300.jpg 169w, https:\/\/vidaillet-paysagiste.com\/wp-content\/uploads\/2026\/02\/20210218_111157-768x1365.jpg 768w, https:\/\/vidaillet-paysagiste.com\/wp-content\/uploads\/2026\/02\/20210218_111157-864x1536.jpg 864w, https:\/\/vidaillet-paysagiste.com\/wp-content\/uploads\/2026\/02\/20210218_111157-1152x2048.jpg 1152w, https:\/\/vidaillet-paysagiste.com\/wp-content\/uploads\/2026\/02\/20210218_111157-scaled.jpg 1440w\" sizes=\"auto, (max-width: 576px) 100vw, 576px\" \/><\/figure>\n<\/figure>\n<\/div>\n<\/div>\n","protected":false},"excerpt":{"rendered":"<p>DESCRIPTION COMPOSITION DU REV\u00caTEMENT Tuff compact\u00e9&nbsp; DIMENSIONS Les dimensions officielles d\u2019un terrain de p\u00e9tanque sont de 15 X 4 m. Cependant, il n\u2019y a pas vraiment de r\u00e8gle.&nbsp; Si un terrain de 10 x 3 m est id\u00e9al pour les boulistes amateurs, il peut n\u00e9anmoins \u00eatre plus petit. Une surface de 8 m x 3 &hellip; <\/p>\n<p class=\"link-more\"><a href=\"https:\/\/vidaillet-paysagiste.com\/index.php\/nos-realisations-2\/terrain-de-petanque\/\" class=\"more-link\">Continuer la lecture<span class=\"screen-reader-text\"> de &laquo;&nbsp;Terrain de p\u00e9tanque&nbsp;&raquo;<\/span><\/a><\/p>\n","protected":false},"author":1,"featured_media":0,"parent":114,"menu_order":0,"comment_status":"closed","ping_status":"closed","template":"","meta":{"footnotes":""},"class_list":["post-250","page","type-page","status-publish","hentry"],"_links":{"self":[{"href":"https:\/\/vidaillet-paysagiste.com\/index.php\/wp-json\/wp\/v2\/pages\/250","targetHints":{"allow":["GET"]}}],"collection":[{"href":"https:\/\/vidaillet-paysagiste.com\/index.php\/wp-json\/wp\/v2\/pages"}],"about":[{"href":"https:\/\/vidaillet-paysagiste.com\/index.php\/wp-json\/wp\/v2\/types\/page"}],"author":[{"embeddable":true,"href":"https:\/\/vidaillet-paysagiste.com\/index.php\/wp-json\/wp\/v2\/users\/1"}],"replies":[{"embeddable":true,"href":"https:\/\/vidaillet-paysagiste.com\/index.php\/wp-json\/wp\/v2\/comments?post=250"}],"version-history":[{"count":3,"href":"https:\/\/vidaillet-paysagiste.com\/index.php\/wp-json\/wp\/v2\/pages\/250\/revisions"}],"predecessor-version":[{"id":292,"href":"https:\/\/vidaillet-paysagiste.com\/index.php\/wp-json\/wp\/v2\/pages\/250\/revisions\/292"}],"up":[{"embeddable":true,"href":"https:\/\/vidaillet-paysagiste.com\/index.php\/wp-json\/wp\/v2\/pages\/114"}],"wp:attachment":[{"href":"https:\/\/vidaillet-paysagiste.com\/index.php\/wp-json\/wp\/v2\/media?parent=250"}],"curies":[{"name":"wp","href":"https:\/\/api.w.org\/{rel}","templated":true}]}}