{"id":229,"date":"2026-02-25T11:10:58","date_gmt":"2026-02-25T10:10:58","guid":{"rendered":"https:\/\/vidaillet-paysagiste.com\/?page_id=229"},"modified":"2026-02-26T11:31:31","modified_gmt":"2026-02-26T10:31:31","slug":"brf-bois-rameal-fragmente","status":"publish","type":"page","link":"https:\/\/vidaillet-paysagiste.com\/index.php\/nos-realisations-2\/brf-bois-rameal-fragmente\/","title":{"rendered":"Le BRF (Bois Ram\u00e9al Fragment\u00e9)"},"content":{"rendered":"\n<figure class=\"wp-block-image size-large\"><img loading=\"lazy\" decoding=\"async\" width=\"1024\" height=\"498\" src=\"https:\/\/vidaillet-paysagiste.com\/wp-content\/uploads\/2026\/02\/20230504_092019-1024x498.jpg\" alt=\"\" class=\"wp-image-242\" srcset=\"https:\/\/vidaillet-paysagiste.com\/wp-content\/uploads\/2026\/02\/20230504_092019-1024x498.jpg 1024w, https:\/\/vidaillet-paysagiste.com\/wp-content\/uploads\/2026\/02\/20230504_092019-300x146.jpg 300w, https:\/\/vidaillet-paysagiste.com\/wp-content\/uploads\/2026\/02\/20230504_092019-768x373.jpg 768w, https:\/\/vidaillet-paysagiste.com\/wp-content\/uploads\/2026\/02\/20230504_092019-1536x747.jpg 1536w, https:\/\/vidaillet-paysagiste.com\/wp-content\/uploads\/2026\/02\/20230504_092019-2048x996.jpg 2048w\" sizes=\"auto, (max-width: 767px) 89vw, (max-width: 1000px) 54vw, (max-width: 1071px) 543px, 580px\" \/><\/figure>\n\n\n\n<p>DESCRIPTION<\/p>\n\n\n\n<p>Acheter du BRF (bois ram\u00e9al fragment\u00e9)&nbsp; pour le jardin, c\u2019est faire d\u2019une pierre 2 coups ! En effet, le BRF se pose sur le sol en couche de paillage et joue donc un r\u00f4le protecteur.<\/p>\n\n\n\n<p>D\u2019autre part, en se d\u00e9gradant, il va produire un humus de haute qualit\u00e9 presque similaire \u00e0 un humus forestier. Il joue en fait un double r\u00f4le : paillage et amendement.<\/p>\n\n\n\n<figure class=\"wp-block-image size-large\"><img loading=\"lazy\" decoding=\"async\" width=\"1024\" height=\"498\" src=\"https:\/\/vidaillet-paysagiste.com\/wp-content\/uploads\/2026\/02\/20230623_105339-1024x498.jpg\" alt=\"\" class=\"wp-image-243\" srcset=\"https:\/\/vidaillet-paysagiste.com\/wp-content\/uploads\/2026\/02\/20230623_105339-1024x498.jpg 1024w, https:\/\/vidaillet-paysagiste.com\/wp-content\/uploads\/2026\/02\/20230623_105339-300x146.jpg 300w, https:\/\/vidaillet-paysagiste.com\/wp-content\/uploads\/2026\/02\/20230623_105339-768x373.jpg 768w, https:\/\/vidaillet-paysagiste.com\/wp-content\/uploads\/2026\/02\/20230623_105339-1536x747.jpg 1536w, https:\/\/vidaillet-paysagiste.com\/wp-content\/uploads\/2026\/02\/20230623_105339-2048x996.jpg 2048w\" sizes=\"auto, (max-width: 767px) 89vw, (max-width: 1000px) 54vw, (max-width: 1071px) 543px, 580px\" \/><\/figure>\n\n\n\n<p>D\u2019o\u00f9 vient le BRF ?<\/p>\n\n\n\n<p>Le BRF (Bois ram\u00e9al fragment\u00e9)&nbsp; est constitu\u00e9 de rameaux de bois et de jeunes branches qui sont broy\u00e9es pour les r\u00e9duire en paillettes d\u2019une dizaine de cm. C\u2019est pour cela qu\u2019on le qualifie de broyat \u00ab frais \u00bb. Pour pr\u00e9server ses \u00e9l\u00e9ments nutritifs, il faut donc l\u2019utiliser rapidement d\u00e8s sa sortie du broyeur.&nbsp;<\/p>\n\n\n\n<p>Il est constitu\u00e9 en majeure partie de branches de feuillus car celles-ci sont riches en sucres, prot\u00e9ines, cellulose et lignine, qui vont augmenter la fertilit\u00e9 du sol.<br>Ce BRF&nbsp; est produit \u00e0 partir d\u2019essences non acidifiantes pour le sol.<br><\/p>\n\n\n\n<figure class=\"wp-block-image size-large\"><img loading=\"lazy\" decoding=\"async\" width=\"1024\" height=\"498\" src=\"https:\/\/vidaillet-paysagiste.com\/wp-content\/uploads\/2026\/02\/20230504_092043-1024x498.jpg\" alt=\"\" class=\"wp-image-244\" srcset=\"https:\/\/vidaillet-paysagiste.com\/wp-content\/uploads\/2026\/02\/20230504_092043-1024x498.jpg 1024w, https:\/\/vidaillet-paysagiste.com\/wp-content\/uploads\/2026\/02\/20230504_092043-300x146.jpg 300w, https:\/\/vidaillet-paysagiste.com\/wp-content\/uploads\/2026\/02\/20230504_092043-768x373.jpg 768w, https:\/\/vidaillet-paysagiste.com\/wp-content\/uploads\/2026\/02\/20230504_092043-1536x747.jpg 1536w, https:\/\/vidaillet-paysagiste.com\/wp-content\/uploads\/2026\/02\/20230504_092043-2048x996.jpg 2048w\" sizes=\"auto, (max-width: 767px) 89vw, (max-width: 1000px) 54vw, (max-width: 1071px) 543px, 580px\" \/><\/figure>\n\n\n\n<p>AVANTAGES<\/p>\n\n\n\n<ul class=\"wp-block-list\">\n<li>Il prot\u00e8ge le sol des trop grandes variations de temp\u00e9rature (r\u00e9gulateur thermique) et lui garantit un niveau d\u2019humidit\u00e9 permanent, ce qui limite le nombre d\u2019arrosages.<\/li>\n\n\n\n<li>En tant que paillage, il r\u00e9duit la pousse des adventices<\/li>\n\n\n\n<li>Il stimule l\u2019activit\u00e9 biologique avec le d\u00e9veloppement de la faune et des champignons, ce qui contribue \u00e0 am\u00e9liorer la qualit\u00e9 des sols pauvres ou d\u00e9grad\u00e9s<\/li>\n\n\n\n<li>Il permet la cr\u00e9ation rapide d\u2019un humus de haute qualit\u00e9, contrairement au compost qui est un m\u00e9lange de mati\u00e8res organiques se d\u00e9composant plus lentement et n\u00e9cessitant une augmentation de temp\u00e9rature<\/li>\n\n\n\n<li>Il a un r\u00f4le d\u00e9coratif en mettant en valeur les v\u00e9g\u00e9taux en place.<\/li>\n\n\n\n<li>Il permet de masquer le r\u00e9seau d\u2019irrigation.\u00a0<\/li>\n<\/ul>\n\n\n\n<p>Remarque : le BRF (bois ram\u00e9al fragment\u00e9) sera optimal surtout sur les sols bien drain\u00e9s, assez secs en \u00e9t\u00e9, plut\u00f4t caillouteux<\/p>\n\n\n\n<p>R\u00e9sultat : besoin de moins d\u2019eau et de moins d\u2019engrais gr\u00e2ce \u00e0 un apport de mati\u00e8res 100% naturelles. Le bois ram\u00e9al fragment\u00e9 est donc un atout \u00e0 la fois \u00e9conomique et \u00e9cologique pour votre jardin ou votre potager.<br><\/p>\n\n\n\n<p>INFOS PRATIQUES<\/p>\n\n\n\n<ul class=\"wp-block-list\">\n<li>1 big bag peut couvrir une surface de 10m2 sur une \u00e9paisseur de 7 cm environ.\u00a0<\/li>\n\n\n\n<li>Conditionnement : big bag de 1 m3 (300 kg)<\/li>\n\n\n\n<li>Calibre : 0\/50 mm<\/li>\n<\/ul>\n","protected":false},"excerpt":{"rendered":"<p>DESCRIPTION Acheter du BRF (bois ram\u00e9al fragment\u00e9)&nbsp; pour le jardin, c\u2019est faire d\u2019une pierre 2 coups ! En effet, le BRF se pose sur le sol en couche de paillage et joue donc un r\u00f4le protecteur. D\u2019autre part, en se d\u00e9gradant, il va produire un humus de haute qualit\u00e9 presque similaire \u00e0 un humus forestier. &hellip; <\/p>\n<p class=\"link-more\"><a href=\"https:\/\/vidaillet-paysagiste.com\/index.php\/nos-realisations-2\/brf-bois-rameal-fragmente\/\" class=\"more-link\">Continuer la lecture<span class=\"screen-reader-text\"> de &laquo;&nbsp;Le BRF (Bois Ram\u00e9al Fragment\u00e9)&nbsp;&raquo;<\/span><\/a><\/p>\n","protected":false},"author":1,"featured_media":0,"parent":114,"menu_order":0,"comment_status":"closed","ping_status":"closed","template":"","meta":{"footnotes":""},"class_list":["post-229","page","type-page","status-publish","hentry"],"_links":{"self":[{"href":"https:\/\/vidaillet-paysagiste.com\/index.php\/wp-json\/wp\/v2\/pages\/229","targetHints":{"allow":["GET"]}}],"collection":[{"href":"https:\/\/vidaillet-paysagiste.com\/index.php\/wp-json\/wp\/v2\/pages"}],"about":[{"href":"https:\/\/vidaillet-paysagiste.com\/index.php\/wp-json\/wp\/v2\/types\/page"}],"author":[{"embeddable":true,"href":"https:\/\/vidaillet-paysagiste.com\/index.php\/wp-json\/wp\/v2\/users\/1"}],"replies":[{"embeddable":true,"href":"https:\/\/vidaillet-paysagiste.com\/index.php\/wp-json\/wp\/v2\/comments?post=229"}],"version-history":[{"count":6,"href":"https:\/\/vidaillet-paysagiste.com\/index.php\/wp-json\/wp\/v2\/pages\/229\/revisions"}],"predecessor-version":[{"id":421,"href":"https:\/\/vidaillet-paysagiste.com\/index.php\/wp-json\/wp\/v2\/pages\/229\/revisions\/421"}],"up":[{"embeddable":true,"href":"https:\/\/vidaillet-paysagiste.com\/index.php\/wp-json\/wp\/v2\/pages\/114"}],"wp:attachment":[{"href":"https:\/\/vidaillet-paysagiste.com\/index.php\/wp-json\/wp\/v2\/media?parent=229"}],"curies":[{"name":"wp","href":"https:\/\/api.w.org\/{rel}","templated":true}]}}