{"id":12,"date":"2020-04-02T22:19:18","date_gmt":"2020-04-02T20:19:18","guid":{"rendered":"http:\/\/vidaillet-paysagiste.com\/?page_id=12"},"modified":"2026-02-27T08:32:39","modified_gmt":"2026-02-27T07:32:39","slug":"une-section-de-page-daccueil","status":"publish","type":"page","link":"https:\/\/vidaillet-paysagiste.com\/index.php\/une-section-de-page-daccueil\/","title":{"rendered":"\u00c9tude de vos projets"},"content":{"rendered":"<p><strong>Les phases d&rsquo;\u00e9tude de votre projet:<\/strong><\/p>\n<ul>\n<li><span style=\"font-weight: 400;\">Premi\u00e8re approche sur site et d<\/span><span style=\"font-weight: 400;\"><span style=\"font-weight: 400;\">\u00e9finition des objectifs de l\u2019am\u00e9nagement<br \/><br \/><\/span><\/span><\/li>\n<li><span style=\"font-weight: 400;\"><span style=\"font-weight: 400;\">Prise en compte des pr\u00e9f\u00e9rences du client<br \/><br \/><\/span><\/span><\/li>\n<li><span style=\"font-weight: 400;\"><span style=\"font-weight: 400;\">D\u00e9finition du programme d\u2019ex\u00e9cution du chantier<br \/><br \/><\/span><\/span><\/li>\n<li><span style=\"font-weight: 400;\"><span style=\"font-weight: 400;\">Immersion dans le milieu, analyse du paysage<br \/><br \/><\/span><\/span><\/li>\n<li><span style=\"font-weight: 400;\"><span style=\"font-weight: 400;\">Recueil d\u2019informations<br \/><br \/><\/span><\/span><\/li>\n<li><span style=\"font-weight: 400;\"><span style=\"font-weight: 400;\">D\u00e9termination des probl\u00e9matiques possibles et analyse des solutions envisageables.<br \/><br \/><\/span><\/span><\/li>\n<li><span style=\"font-weight: 400;\"><span style=\"font-weight: 400;\">\u00c9tude du contexte et proposition d\u2019am\u00e9nagements en ad\u00e9quation avec le budget disponible.<br \/><br \/><\/span><\/span><\/li>\n<li><span style=\"font-weight: 400;\">Mise en images des id\u00e9es retenues (esquisses de pr\u00e9sentation, sch\u00e9mas et plans de conception, coupes et perspectives, \u00e9l\u00e9vations, planches de pr\u00e9sentation des v\u00e9g\u00e9taux et mat\u00e9riaux\u2026)<\/span><\/li>\n<\/ul>\n\n\n<p><\/p>\n","protected":false},"excerpt":{"rendered":"<p>Les phases d&rsquo;\u00e9tude de votre projet: Premi\u00e8re approche sur site et d\u00e9finition des objectifs de l\u2019am\u00e9nagement Prise en compte des pr\u00e9f\u00e9rences du client D\u00e9finition du programme d\u2019ex\u00e9cution du chantier Immersion dans le milieu, analyse du paysage Recueil d\u2019informations D\u00e9termination des probl\u00e9matiques possibles et analyse des solutions envisageables. \u00c9tude du contexte et proposition d\u2019am\u00e9nagements en ad\u00e9quation &hellip; <\/p>\n<p class=\"link-more\"><a href=\"https:\/\/vidaillet-paysagiste.com\/index.php\/une-section-de-page-daccueil\/\" class=\"more-link\">Continuer la lecture<span class=\"screen-reader-text\"> de &laquo;&nbsp;\u00c9tude de vos projets&nbsp;&raquo;<\/span><\/a><\/p>\n","protected":false},"author":1,"featured_media":192,"parent":0,"menu_order":0,"comment_status":"closed","ping_status":"closed","template":"","meta":{"footnotes":""},"class_list":["post-12","page","type-page","status-publish","has-post-thumbnail","hentry"],"_links":{"self":[{"href":"https:\/\/vidaillet-paysagiste.com\/index.php\/wp-json\/wp\/v2\/pages\/12","targetHints":{"allow":["GET"]}}],"collection":[{"href":"https:\/\/vidaillet-paysagiste.com\/index.php\/wp-json\/wp\/v2\/pages"}],"about":[{"href":"https:\/\/vidaillet-paysagiste.com\/index.php\/wp-json\/wp\/v2\/types\/page"}],"author":[{"embeddable":true,"href":"https:\/\/vidaillet-paysagiste.com\/index.php\/wp-json\/wp\/v2\/users\/1"}],"replies":[{"embeddable":true,"href":"https:\/\/vidaillet-paysagiste.com\/index.php\/wp-json\/wp\/v2\/comments?post=12"}],"version-history":[{"count":8,"href":"https:\/\/vidaillet-paysagiste.com\/index.php\/wp-json\/wp\/v2\/pages\/12\/revisions"}],"predecessor-version":[{"id":532,"href":"https:\/\/vidaillet-paysagiste.com\/index.php\/wp-json\/wp\/v2\/pages\/12\/revisions\/532"}],"wp:featuredmedia":[{"embeddable":true,"href":"https:\/\/vidaillet-paysagiste.com\/index.php\/wp-json\/wp\/v2\/media\/192"}],"wp:attachment":[{"href":"https:\/\/vidaillet-paysagiste.com\/index.php\/wp-json\/wp\/v2\/media?parent=12"}],"curies":[{"name":"wp","href":"https:\/\/api.w.org\/{rel}","templated":true}]}}