{"id":114,"date":"2026-02-16T16:12:48","date_gmt":"2026-02-16T15:12:48","guid":{"rendered":"http:\/\/vidaillet-paysagiste.com\/?page_id=114"},"modified":"2026-02-26T12:15:39","modified_gmt":"2026-02-26T11:15:39","slug":"nos-realisations-2","status":"publish","type":"page","link":"https:\/\/vidaillet-paysagiste.com\/index.php\/nos-realisations-2\/","title":{"rendered":"Nos Prestations"},"content":{"rendered":"\n<div class=\"wp-block-group\"><div class=\"wp-block-group__inner-container is-layout-constrained wp-block-group-is-layout-constrained\">\n<p><strong>Les diff\u00e9rentes solutions que nous mettons en oeuvre pour structurer et embellir vos jardins<\/strong><br><br><a href=\"https:\/\/vidaillet-paysagiste.com\/index.php\/nos-realisations-2\/brf-bois-rameal-fragmente\/\" data-type=\"page\" data-id=\"229\">LE BRF (Bois Ram\u00e9al Fragment\u00e9)<\/a><br><br><a href=\"https:\/\/vidaillet-paysagiste.com\/index.php\/nos-realisations-2\/bordures-en-traverses-paysageres\/\" data-type=\"page\" data-id=\"246\">Bordures en traverses paysag\u00e8res<\/a><br><br><a href=\"https:\/\/vidaillet-paysagiste.com\/index.php\/nos-realisations-2\/terrain-de-petanque\/\" data-type=\"page\" data-id=\"250\">Terrain de p\u00e9tanque<\/a><br><br><a href=\"https:\/\/vidaillet-paysagiste.com\/index.php\/nos-realisations-2\/centrale-dirrigation\/\" data-type=\"page\" data-id=\"253\">Centrale d\u2019irrigation<\/a><br><br><a href=\"https:\/\/vidaillet-paysagiste.com\/index.php\/nos-realisations-2\/micro-irrigation\/\" data-type=\"page\" data-id=\"255\">Micro-irrigation<\/a><br><br><a href=\"https:\/\/vidaillet-paysagiste.com\/index.php\/nos-realisations-2\/fascines-en-acier-corten\/\" data-type=\"page\" data-id=\"259\">Fascines en acier corten<\/a><br><br><a href=\"https:\/\/vidaillet-paysagiste.com\/index.php\/nos-realisations-2\/voliges-en-acier-corten\/\" data-type=\"page\" data-id=\"261\">Voliges en acier corten<\/a><br><br><a href=\"https:\/\/vidaillet-paysagiste.com\/index.php\/nos-realisations-2\/gazon-synthetique\/\" data-type=\"page\" data-id=\"263\">Gazon synth\u00e9tique<\/a><br><br><a href=\"https:\/\/vidaillet-paysagiste.com\/index.php\/nos-realisations-2\/palissage-inox\/\" data-type=\"page\" data-id=\"265\">Palissage inox<\/a><br><br><a href=\"https:\/\/vidaillet-paysagiste.com\/index.php\/nos-realisations-2\/travaux-denrochement\/\" data-type=\"page\" data-id=\"267\">Travaux d\u2019enrochement<\/a><br><br><a href=\"https:\/\/vidaillet-paysagiste.com\/index.php\/nos-realisations-2\/demaquisage-mecanise\/\" data-type=\"page\" data-id=\"269\">D\u00e9maquisage m\u00e9canis\u00e9<\/a><br><br><a href=\"https:\/\/vidaillet-paysagiste.com\/index.php\/nos-realisations-2\/travaux-delagage\/\" data-type=\"page\" data-id=\"278\">Travaux d\u2019\u00e9lagage<\/a><\/p>\n<\/div><\/div>\n","protected":false},"excerpt":{"rendered":"<p>Les diff\u00e9rentes solutions que nous mettons en oeuvre pour structurer et embellir vos jardins LE BRF (Bois Ram\u00e9al Fragment\u00e9) Bordures en traverses paysag\u00e8res Terrain de p\u00e9tanque Centrale d\u2019irrigation Micro-irrigation Fascines en acier corten Voliges en acier corten Gazon synth\u00e9tique Palissage inox Travaux d\u2019enrochement D\u00e9maquisage m\u00e9canis\u00e9 Travaux d\u2019\u00e9lagage<\/p>\n","protected":false},"author":1,"featured_media":424,"parent":0,"menu_order":0,"comment_status":"closed","ping_status":"closed","template":"","meta":{"footnotes":""},"class_list":["post-114","page","type-page","status-publish","has-post-thumbnail","hentry"],"_links":{"self":[{"href":"https:\/\/vidaillet-paysagiste.com\/index.php\/wp-json\/wp\/v2\/pages\/114","targetHints":{"allow":["GET"]}}],"collection":[{"href":"https:\/\/vidaillet-paysagiste.com\/index.php\/wp-json\/wp\/v2\/pages"}],"about":[{"href":"https:\/\/vidaillet-paysagiste.com\/index.php\/wp-json\/wp\/v2\/types\/page"}],"author":[{"embeddable":true,"href":"https:\/\/vidaillet-paysagiste.com\/index.php\/wp-json\/wp\/v2\/users\/1"}],"replies":[{"embeddable":true,"href":"https:\/\/vidaillet-paysagiste.com\/index.php\/wp-json\/wp\/v2\/comments?post=114"}],"version-history":[{"count":16,"href":"https:\/\/vidaillet-paysagiste.com\/index.php\/wp-json\/wp\/v2\/pages\/114\/revisions"}],"predecessor-version":[{"id":436,"href":"https:\/\/vidaillet-paysagiste.com\/index.php\/wp-json\/wp\/v2\/pages\/114\/revisions\/436"}],"wp:featuredmedia":[{"embeddable":true,"href":"https:\/\/vidaillet-paysagiste.com\/index.php\/wp-json\/wp\/v2\/media\/424"}],"wp:attachment":[{"href":"https:\/\/vidaillet-paysagiste.com\/index.php\/wp-json\/wp\/v2\/media?parent=114"}],"curies":[{"name":"wp","href":"https:\/\/api.w.org\/{rel}","templated":true}]}}